{"id":1992,"date":"2020-10-20T08:46:42","date_gmt":"2020-10-20T08:46:42","guid":{"rendered":"https:\/\/stellplatz.pg-redesign.de\/?page_id=1992"},"modified":"2025-03-04T09:01:18","modified_gmt":"2025-03-04T09:01:18","slug":"informatie-tarieven","status":"publish","type":"page","link":"https:\/\/aachen-camping.de\/nl\/informatie-tarieven","title":{"rendered":"Informatie &#038; Tarieven"},"content":{"rendered":"<div id=\"pl-1992\"  class=\"panel-layout\" ><div id=\"pg-1992-0\"  class=\"panel-grid panel-has-style\" ><div style=\"padding: 100px 0; \" data-overlay=\"true\" data-overlay-color=\"#000000\" class=\"panel-row-style panel-row-style-for-1992-0\" ><div id=\"pgc-1992-0-0\"  class=\"panel-grid-cell\" ><div id=\"panel-1992-0-0-0\" class=\"so-panel widget widget_sow-editor panel-first-child panel-last-child\" data-index=\"0\" ><div style=\"text-align: left;\" data-title-color=\"#443f3f\" data-headings-color=\"#443f3f\" class=\"panel-widget-style panel-widget-style-for-1992-0-0-0\" ><div\n\t\t\t\n\t\t\tclass=\"so-widget-sow-editor so-widget-sow-editor-base\"\n\t\t\t\n\t\t>\n<div class=\"siteorigin-widget-tinymce textwidget\">\n\t<h1>Informatie &amp; Tarieven<\/h1>\n<\/div>\n<\/div><\/div><\/div><\/div><\/div><\/div><div id=\"pg-1992-1\"  class=\"panel-grid panel-has-style\" ><div style=\"padding: 100px 0; \" data-overlay=\"true\" data-overlay-color=\"#000000\" class=\"panel-row-style panel-row-style-for-1992-1\" ><div id=\"pgc-1992-1-0\"  class=\"panel-grid-cell\" ><div id=\"panel-1992-1-0-0\" class=\"so-panel widget widget_sow-editor panel-first-child panel-last-child\" data-index=\"1\" ><div style=\"text-align: left;\" data-title-color=\"#443f3f\" data-headings-color=\"#443f3f\" class=\"panel-widget-style panel-widget-style-for-1992-1-0-0\" ><div\n\t\t\t\n\t\t\tclass=\"so-widget-sow-editor so-widget-sow-editor-base\"\n\t\t\t\n\t\t>\n<div class=\"siteorigin-widget-tinymce textwidget\">\n\t<div id=\"pgc-gb1472-5f8e9f3bbd7a8-1-0\" class=\"panel-grid-cell\">\n<div id=\"panel-gb1472-5f8e9f3bbd7a8-1-0-0\" class=\"so-panel widget widget_black-studio-tinymce widget_black_studio_tinymce panel-first-child\" data-index=\"1\">\n<div class=\"panel-widget-style panel-widget-style-for-gb1472-5f8e9f3bbd7a8-1-0-0\" data-title-color=\"#443f3f\" data-headings-color=\"#443f3f\">\n<div class=\"textwidget\">\n<p><span class=\"smalltext\"> De binnenstad van Aken en het centrum van het kuurgebied Burtscheid liggen in de directe nabijheid van onze camping. Goede aansluiting op de snelweg.<\/span><\/p>\n<p><span class=\"smalltext\"><b>Afstanden:<\/b><\/span><\/p>\n<p><b> <\/b><b><\/b>Autobaanafslag: 5,1 km \u2013 kuurwijk: 0,8 km \u2013 historisch stadscentrum\/binnenstad: 2,3 km<\/p>\n<p><span class=\"smalltext\">Het 1,2 ha grote vlakke terrein in het romantische Gillesbachtal is compleet omheind.<\/span><\/p>\n<p>De camping kan te allen tijde worden bereikt en verlaten.<\/p>\n<p>Op een vrij perceel naar uw keuze dienen de voertuigen (zij het campers of caravans met personenauto) overeenkomstig met de te worden geparkeerd.<br \/>\n<span class=\"smalltext\"><br \/>\nHonden zijn toegestaan op de camping, maar a.u.b. uitsluitend aan de lijn. De vierbenige begeleiders kan men in het aangrenzende Gillesbachtal uitlaten.<\/span><\/p>\n<div align=\"left\">\n<p><span class=\"smalltext\"><b>Permanent camperen<\/b> is niet toegestaan. Het gebruik van de camping is beperkt tot 2 nachten per verblijf.\u00a0<b>Groepen die de camping willen gebruiken, kunnen hier enkel met voorafgaande toestemming terecht.<br \/>\nReserveren is <u>niet mogelijk.<\/u><\/b><\/span><\/p>\n<p><span class=\"smalltext\"><b>Tarieven:<\/b><\/span><br \/>\nHet gebruikstarief bedraagt 23,\u2013 \u20ac per camper \/ caravan<\/p>\n<\/div>\n<\/div>\n<\/div>\n<\/div>\n<div id=\"panel-gb1472-5f8e9f3bbd7a8-1-0-1\" class=\"so-panel widget widget_nav_menu panel-last-child\" data-index=\"2\">\n<div class=\"panel-widget-style panel-widget-style-for-gb1472-5f8e9f3bbd7a8-1-0-1\" data-title-color=\"#443f3f\" data-headings-color=\"#443f3f\">\n<div class=\"menu-pdf-niederlaendisch-container\">\n<ul id=\"menu-pdf-niederlaendisch\" class=\"menu\">\n<li id=\"menu-item-1424\" class=\"menu-item menu-item-type-custom menu-item-object-custom menu-item-1424\"><a href=\"https:\/\/aachen-camping.de\/wp-content\/uploads\/2020\/04\/agb-nl.pdf\" target=\"_blank\" rel=\"noopener noreferrer\">Algemene voorwaar<\/a><a href=\"https:\/\/aachen-camping.de\/wp-content\/uploads\/2020\/04\/agb-nl.pdf\" target=\"_blank\" rel=\"noopener noreferrer\">den \u2013 (PDF, 15KB)<\/a><\/li>\n<li id=\"menu-item-1425\" class=\"menu-item menu-item-type-custom menu-item-object-custom menu-item-1425\"><a href=\"https:\/\/aachen-camping.de\/wp-content\/uploads\/2020\/04\/nutzungsordnung-nl.pdf\" target=\"_blank\" rel=\"noopener noreferrer\">Huisregels op de Stellplatz Bad Aachen Aachen \u2013 (PDF, 14KB)<\/a><\/li>\n<li id=\"menu-item-1426\" class=\"menu-item menu-item-type-custom menu-item-object-custom menu-item-1426\"><a href=\"https:\/\/aachen-camping.de\/wp-content\/uploads\/2020\/04\/Nutzungsvertrag_Vorlage.pdf\" target=\"_blank\" rel=\"noopener noreferrer\">Gebruiksovereenkomst (standaardformulier) \u2013 (PDF, 178KB)<\/a><\/li>\n<li id=\"menu-item-1427\" class=\"menu-item menu-item-type-custom menu-item-object-custom menu-item-1427\"><a href=\"https:\/\/aachen-camping.de\/wp-content\/uploads\/2022\/05\/Gebu\u0308hrenordnung-NEU-10.2020.pdf\" target=\"_blank\" rel=\"noopener noreferrer\">Tariefoverzicht (PDF, 37KB)<\/a><\/li>\n<\/ul>\n<p><strong>Downloads:<\/strong><\/p>\n<ul>\n<li><a href=\"https:\/\/aachen-camping.de\/wp-content\/uploads\/2025\/03\/SBA_Flyer_1024_WEB_DE.pdf\" target=\"_blank\" rel=\"noopener noreferrer\">Willkommen \u2013 (DE)<\/a><\/li>\n<li><a href=\"https:\/\/aachen-camping.de\/wp-content\/uploads\/2025\/03\/SBA_Flyer_1024_WEB_EN.pdf\" target=\"_blank\" rel=\"noopener noreferrer\">Welcome \u2013 (GB)<\/a><\/li>\n<li><a href=\"https:\/\/aachen-camping.de\/wp-content\/uploads\/2025\/03\/SBA_Flyer_1024_WEB_FR.pdf\" target=\"_blank\" rel=\"noopener noreferrer\">Bienvenue \u2013 (F)<\/a><\/li>\n<li><a href=\"https:\/\/aachen-camping.de\/wp-content\/uploads\/2025\/03\/SBA_Flyer_1024_WEB_NL.pdf\" target=\"_blank\" rel=\"noopener noreferrer\">Welkom \u2013 (NL)<\/a><\/li>\n<li><a href=\"https:\/\/aachen-camping.de\/wp-content\/uploads\/2025\/03\/SBA_Flyer_1024_WEB_IT.pdf\" target=\"_blank\" rel=\"noopener noreferrer\">Benveunto \u2013 (IT)<\/a><\/li>\n<\/ul>\n<\/div>\n<\/div>\n<\/div>\n<\/div>\n<\/div>\n<\/div><\/div><\/div><\/div><div id=\"pgc-1992-1-1\"  class=\"panel-grid-cell\" ><div id=\"panel-1992-1-1-0\" class=\"so-panel widget widget_sow-image panel-first-child\" data-index=\"2\" ><div style=\"text-align: left;\" data-title-color=\"#443f3f\" data-headings-color=\"#443f3f\" class=\"panel-widget-style panel-widget-style-for-1992-1-1-0\" ><div\n\t\t\t\n\t\t\tclass=\"so-widget-sow-image so-widget-sow-image-default-dbf295114b96-1992\"\n\t\t\t\n\t\t>\n<div class=\"sow-image-container\">\n\t\t<img \n\tsrc=\"https:\/\/aachen-camping.de\/wp-content\/uploads\/2023\/07\/Lageplan_Campingplatz_2023_final.jpg\" width=\"1551\" height=\"2024\" srcset=\"https:\/\/aachen-camping.de\/wp-content\/uploads\/2023\/07\/Lageplan_Campingplatz_2023_final.jpg 1551w, https:\/\/aachen-camping.de\/wp-content\/uploads\/2023\/07\/Lageplan_Campingplatz_2023_final-230x300.jpg 230w, https:\/\/aachen-camping.de\/wp-content\/uploads\/2023\/07\/Lageplan_Campingplatz_2023_final-785x1024.jpg 785w, https:\/\/aachen-camping.de\/wp-content\/uploads\/2023\/07\/Lageplan_Campingplatz_2023_final-768x1002.jpg 768w, https:\/\/aachen-camping.de\/wp-content\/uploads\/2023\/07\/Lageplan_Campingplatz_2023_final-1177x1536.jpg 1177w, https:\/\/aachen-camping.de\/wp-content\/uploads\/2023\/07\/Lageplan_Campingplatz_2023_final-1000x1305.jpg 1000w, https:\/\/aachen-camping.de\/wp-content\/uploads\/2023\/07\/Lageplan_Campingplatz_2023_final-350x457.jpg 350w, https:\/\/aachen-camping.de\/wp-content\/uploads\/2023\/07\/Lageplan_Campingplatz_2023_final-480x626.jpg 480w\" sizes=\"(max-width: 1551px) 100vw, 1551px\" title=\"Lageplan_Campingplatz_2023_final.indd\" alt=\"\" \t\tclass=\"so-widget-image\"\/>\n\t<\/div>\n\n<\/div><\/div><\/div><div id=\"panel-1992-1-1-1\" class=\"so-panel widget widget_text panel-last-child\" data-index=\"3\" ><div style=\"text-align: left;\" data-title-color=\"#443f3f\" data-headings-color=\"#443f3f\" class=\"panel-widget-style panel-widget-style-for-1992-1-1-1\" >\t\t\t<div class=\"textwidget\"><p><a href=\"https:\/\/aachen-camping.de\/wp-content\/uploads\/2023\/07\/Lageplan_Campingplatz_2023_final.jpg\">zoom<\/a><\/p>\n<\/div>\n\t\t<\/div><\/div><\/div><\/div><\/div><div id=\"pg-1992-2\"  class=\"panel-grid panel-has-style\" ><div style=\"padding: 100px 0; \" data-overlay=\"true\" data-overlay-color=\"#000000\" class=\"panel-row-style panel-row-style-for-1992-2\" ><div id=\"pgc-1992-2-0\"  class=\"panel-grid-cell\" ><div id=\"panel-1992-2-0-0\" class=\"so-panel widget widget_sow-editor panel-first-child panel-last-child\" data-index=\"4\" ><div style=\"text-align: left;\" data-title-color=\"#443f3f\" data-headings-color=\"#443f3f\" class=\"panel-widget-style panel-widget-style-for-1992-2-0-0\" ><div\n\t\t\t\n\t\t\tclass=\"so-widget-sow-editor so-widget-sow-editor-base\"\n\t\t\t\n\t\t>\n<div class=\"siteorigin-widget-tinymce textwidget\">\n\t<hr \/>\n<\/div>\n<\/div><\/div><\/div><\/div><\/div><\/div><div id=\"pg-1992-3\"  class=\"panel-grid panel-has-style\" ><div style=\"padding: 100px 0; \" data-overlay=\"true\" data-overlay-color=\"#000000\" class=\"panel-row-style panel-row-style-for-1992-3\" ><div id=\"pgc-1992-3-0\"  class=\"panel-grid-cell\" ><div id=\"panel-1992-3-0-0\" class=\"so-panel widget widget_sow-editor panel-first-child panel-last-child\" data-index=\"5\" ><div style=\"text-align: left;\" data-title-color=\"#443f3f\" data-headings-color=\"#443f3f\" class=\"panel-widget-style panel-widget-style-for-1992-3-0-0\" ><div\n\t\t\t\n\t\t\tclass=\"so-widget-sow-editor so-widget-sow-editor-base\"\n\t\t\t\n\t\t>\n<div class=\"siteorigin-widget-tinymce textwidget\">\n\t<div id=\"pgc-gb1472-5f8e9f3bbd7a8-3-0\" class=\"panel-grid-cell\">\n<div id=\"panel-gb1472-5f8e9f3bbd7a8-3-0-0\" class=\"so-panel widget widget_black-studio-tinymce widget_black_studio_tinymce panel-first-child panel-last-child\" data-index=\"6\">\n<div class=\"panel-widget-style panel-widget-style-for-gb1472-5f8e9f3bbd7a8-3-0-0\" data-title-color=\"#443f3f\" data-headings-color=\"#443f3f\">\n<div class=\"textwidget\">\n<p><span class=\"smalltext\"><b>Vrije tijd:<br \/>\n<\/b><br \/>\nDe toeristische aanbiedingen van Aken zijn gevarieerd. Voor bestemmingen in de binnenstad ligt de slechts 400 meter een bushalte. Bijzonder voordelig rijdt u met de <\/span>24-uursticket (geldig 24 uur na herwaardering voor max.\u00a0 5 personen).<\/p>\n<p>&nbsp;<\/p>\n<p><span class=\"smalltext\">Enkele suggesties:<\/span><\/p>\n<ul>\n<li><span class=\"smalltext\">Bezichtiging van de dom van Aken (UNESCO-wereldcultuurerfenis), <\/span><span class=\"smalltext\">geopend 7.00 \u2013 19.00 uur<\/span><\/li>\n<li><span class=\"smalltext\">Rondleiding door het oude stadscentrum, zat., zo. en op feestdagen vanaf het informatiebureau Elisenbrunnen, 11.00 uur<br \/>\n<\/span><span class=\"smalltext\">van april t\/m oktober extra rondleidingen door het oude stadscentrum van ma. t\/m vr. 14.00 uur<\/span><\/li>\n<li><span class=\"smalltext\">Thermaalbad- en saunabelevenis in de Carolus Thermen, dagelijks 9.00 \u2013 23.00 uur<\/span><\/li>\n<li><span class=\"smalltext\">Bezoek aan de dierentuin van Aken \/ Euregiozoo, dagelijks 9.00 \u2013 18.30 uur<\/span><\/li>\n<li><span class=\"smalltext\">Met de fiets over het voormalige Veenbaantrac\u00e9 of langs de Keizerroute<\/span><\/li>\n<\/ul>\n<\/div>\n<\/div>\n<\/div>\n<\/div>\n<\/div>\n<\/div><\/div><\/div><\/div><div id=\"pgc-1992-3-1\"  class=\"panel-grid-cell\" ><div id=\"panel-1992-3-1-0\" class=\"so-panel widget widget_sow-editor panel-first-child panel-last-child\" data-index=\"6\" ><div style=\"text-align: left;\" data-title-color=\"#443f3f\" data-headings-color=\"#443f3f\" class=\"panel-widget-style panel-widget-style-for-1992-3-1-0\" ><div\n\t\t\t\n\t\t\tclass=\"so-widget-sow-editor so-widget-sow-editor-base\"\n\t\t\t\n\t\t>\n<div class=\"siteorigin-widget-tinymce textwidget\">\n\t<div id=\"pgc-gb1472-5f8e9f3bbd7a8-3-0\" class=\"panel-grid-cell\">\n<div id=\"panel-gb1472-5f8e9f3bbd7a8-3-0-0\" class=\"so-panel widget widget_black-studio-tinymce widget_black_studio_tinymce panel-first-child panel-last-child\" data-index=\"6\">\n<div class=\"panel-widget-style panel-widget-style-for-gb1472-5f8e9f3bbd7a8-3-0-0\" data-title-color=\"#443f3f\" data-headings-color=\"#443f3f\">\n<div class=\"textwidget\">\n<div id=\"pgc-gb1472-5f8e9f3bbd7a8-3-1\" class=\"panel-grid-cell\">\n<div class=\"panel-cell-style panel-cell-style-for-gb1472-5f8e9f3bbd7a8-3-1\">\n<div id=\"panel-gb1472-5f8e9f3bbd7a8-3-1-0\" class=\"so-panel widget widget_black-studio-tinymce widget_black_studio_tinymce panel-first-child\" data-index=\"7\">\n<div class=\"panel-widget-style panel-widget-style-for-gb1472-5f8e9f3bbd7a8-3-1-0\" data-title-color=\"#443f3f\" data-headings-color=\"#443f3f\">\n<div class=\"textwidget\">\n<p><span class=\"smalltext\"><b>Informeert u zich a.u.b. ook onder de volgende internetadressen:<\/b><\/span><\/p>\n<\/div>\n<\/div>\n<\/div>\n<div id=\"panel-gb1472-5f8e9f3bbd7a8-3-1-1\" class=\"so-panel widget widget_nav_menu panel-last-child\" data-index=\"8\">\n<div class=\"panel-widget-style panel-widget-style-for-gb1472-5f8e9f3bbd7a8-3-1-1\" data-title-color=\"#443f3f\" data-headings-color=\"#443f3f\">\n<div class=\"menu-externe-links-deutsch-niederlaendisch-container\">\n<ul id=\"menu-externe-links-deutsch-niederlaendisch\" class=\"menu\">\n<li id=\"menu-item-1490\" class=\"menu-item menu-item-type-custom menu-item-object-custom menu-item-1490\"><a href=\"https:\/\/www.aachen.de\" target=\"_blank\" rel=\"noopener noreferrer\">www.aachen.de<\/a><\/li>\n<li id=\"menu-item-1491\" class=\"menu-item menu-item-type-custom menu-item-object-custom menu-item-1491\"><a href=\"https:\/\/www.aachen-tourist.de\" target=\"_blank\" rel=\"noopener noreferrer\">www.aachen-tourist.de<\/a><\/li>\n<li id=\"menu-item-1492\" class=\"menu-item menu-item-type-custom menu-item-object-custom menu-item-1492\"><a href=\"http:\/\/www.bad-aachen.de\/kurverwaltung\/\" target=\"_blank\" rel=\"noopener noreferrer\">www.bad-aachen.de<\/a><\/li>\n<li id=\"menu-item-1493\" class=\"menu-item menu-item-type-custom menu-item-object-custom menu-item-1493\"><a href=\"https:\/\/www.carolus-thermen.de\/de\/thermalbad\/\" target=\"_blank\" rel=\"noopener noreferrer\">www.carolus-thermen.de<\/a><\/li>\n<\/ul>\n<\/div>\n<\/div>\n<\/div>\n<\/div>\n<\/div>\n<\/div>\n<\/div>\n<\/div>\n<\/div>\n<\/div>\n<\/div><\/div><\/div><\/div><div id=\"pgc-1992-3-2\"  class=\"panel-grid-cell\" ><div id=\"panel-1992-3-2-0\" class=\"so-panel widget widget_sow-image panel-first-child panel-last-child\" data-index=\"7\" ><div style=\"text-align: left;\" data-title-color=\"#443f3f\" data-headings-color=\"#443f3f\" class=\"panel-widget-style panel-widget-style-for-1992-3-2-0\" ><div\n\t\t\t\n\t\t\tclass=\"so-widget-sow-image so-widget-sow-image-default-8b5b6f678277-1992\"\n\t\t\t\n\t\t>\n<div class=\"sow-image-container\">\n\t\t<img \n\tsrc=\"https:\/\/aachen-camping.de\/wp-content\/uploads\/2020\/03\/Bad-Aachen-Logo-mit-Rahmen.jpg\" width=\"931\" height=\"929\" srcset=\"https:\/\/aachen-camping.de\/wp-content\/uploads\/2020\/03\/Bad-Aachen-Logo-mit-Rahmen.jpg 931w, https:\/\/aachen-camping.de\/wp-content\/uploads\/2020\/03\/Bad-Aachen-Logo-mit-Rahmen-300x300.jpg 300w, https:\/\/aachen-camping.de\/wp-content\/uploads\/2020\/03\/Bad-Aachen-Logo-mit-Rahmen-150x150.jpg 150w, https:\/\/aachen-camping.de\/wp-content\/uploads\/2020\/03\/Bad-Aachen-Logo-mit-Rahmen-768x766.jpg 768w, https:\/\/aachen-camping.de\/wp-content\/uploads\/2020\/03\/Bad-Aachen-Logo-mit-Rahmen-50x50.jpg 50w\" sizes=\"(max-width: 931px) 100vw, 931px\" title=\"Freizeit:\n\nDie touristischen Angebote Aachens sind vielf\u00e4ltig. F\u00fcr innerst\u00e4dtische Ziele bietet sich die nur 400 Meter entfernte Bushaltestelle an. Besonders g\u00fcnstig fahren Sie mit der Minigruppenkarte (g\u00fcltig f\u00fcr 2 - 5 Personen, werktags ab 9.00 Uhr, Sa, So und feiertags ganzt\u00e4gig).\n\nEinige Anregungen:\n\u2022 \tBesichtigung des Aachener Doms (UNESCO-Weltkulturerbe), ge\u00f6ffnet 7.00 - 19.00 Uhr\n\u2022 \tAltstadtf\u00fchrung, Sa, So und feiertags ab Informationsb\u00fcro Elisenbrunnen, 11.00 Uhr\nvon April bis Oktober zus\u00e4tzliche Altstadtf\u00fchrungen Mo - Fr 14.00 Uhr\n\u2022 \tThermalbade- und Saunaerlebnis in den Carolus Thermen, t\u00e4glich 9.00 - 23.00 Uhr\n\u2022 \tBesuch des Aachener Tierparks \/ Euregiozoo, t\u00e4glich 9.00 - 18.30 Uhr\n\u2022 \tMit dem Fahrrad \u00fcber die ehemalige Vennbahntrasse \" alt=\"\" \t\tclass=\"so-widget-image\"\/>\n\t<\/div>\n\n<\/div><\/div><\/div><\/div><\/div><\/div><div id=\"pg-1992-4\"  class=\"panel-grid panel-has-style\" ><div style=\"padding: 100px 0; \" data-overlay=\"true\" data-overlay-color=\"#000000\" class=\"panel-row-style panel-row-style-for-1992-4\" ><div id=\"pgc-1992-4-0\"  class=\"panel-grid-cell\" ><div id=\"panel-1992-4-0-0\" class=\"so-panel widget widget_sow-editor panel-first-child panel-last-child\" data-index=\"8\" ><div style=\"text-align: left;\" data-title-color=\"#443f3f\" data-headings-color=\"#443f3f\" class=\"panel-widget-style panel-widget-style-for-1992-4-0-0\" ><div\n\t\t\t\n\t\t\tclass=\"so-widget-sow-editor so-widget-sow-editor-base\"\n\t\t\t\n\t\t>\n<div class=\"siteorigin-widget-tinymce textwidget\">\n\t<hr>\n<\/div>\n<\/div><\/div><\/div><\/div><\/div><\/div><div id=\"pg-1992-5\"  class=\"panel-grid panel-has-style\" ><div style=\"padding: 100px 0; \" data-overlay=\"true\" data-overlay-color=\"#000000\" class=\"panel-row-style panel-row-style-for-1992-5\" ><div id=\"pgc-1992-5-0\"  class=\"panel-grid-cell\" ><div id=\"panel-1992-5-0-0\" class=\"so-panel widget widget_sow-editor panel-first-child panel-last-child\" data-index=\"9\" ><div style=\"text-align: left;\" data-title-color=\"#443f3f\" data-headings-color=\"#443f3f\" class=\"panel-widget-style panel-widget-style-for-1992-5-0-0\" ><div\n\t\t\t\n\t\t\tclass=\"so-widget-sow-editor so-widget-sow-editor-base\"\n\t\t\t\n\t\t>\n<div class=\"siteorigin-widget-tinymce textwidget\">\n\t<div id=\"pg-gb1472-5f8e9f3bbd7a8-5\" class=\"panel-grid panel-has-style\">\n<div class=\"panel-row-style panel-row-style-for-gb1472-5f8e9f3bbd7a8-5\" data-overlay=\"true\" data-overlay-color=\"#000000\">\n<div id=\"pgc-gb1472-5f8e9f3bbd7a8-5-0\" class=\"panel-grid-cell\">\n<div id=\"panel-gb1472-5f8e9f3bbd7a8-5-0-0\" class=\"so-panel widget widget_black-studio-tinymce widget_black_studio_tinymce panel-first-child panel-last-child\" data-index=\"11\">\n<div class=\"panel-widget-style panel-widget-style-for-gb1472-5f8e9f3bbd7a8-5-0-0\" data-title-color=\"#443f3f\" data-headings-color=\"#443f3f\">\n<div class=\"textwidget\">\n<h3><b>Attentie, milieuzone (Umweltzone)<\/b><\/h3>\n<div>\n<p>Aken heeft een milieuzone waar men bij aankomst via de buitenring 500 m doorheen rijdt om bij de camping te komen.<\/p>\n<\/div>\n<\/div>\n<\/div>\n<\/div>\n<\/div>\n<\/div>\n<\/div>\n<\/div>\n<\/div><\/div><\/div><\/div><\/div><\/div><\/div>","protected":false},"excerpt":{"rendered":"<p>Informatie &amp; Tarieven De binnenstad van Aken en het centrum van het kuurgebied Burtscheid liggen in de directe nabijheid van onze camping. [&hellip;]<\/p>\n","protected":false},"author":1,"featured_media":0,"parent":0,"menu_order":0,"comment_status":"closed","ping_status":"closed","template":"page-templates\/page_fullwidth.php","meta":{"footnotes":""},"_links":{"self":[{"href":"https:\/\/aachen-camping.de\/nl\/wp-json\/wp\/v2\/pages\/1992"}],"collection":[{"href":"https:\/\/aachen-camping.de\/nl\/wp-json\/wp\/v2\/pages"}],"about":[{"href":"https:\/\/aachen-camping.de\/nl\/wp-json\/wp\/v2\/types\/page"}],"author":[{"embeddable":true,"href":"https:\/\/aachen-camping.de\/nl\/wp-json\/wp\/v2\/users\/1"}],"replies":[{"embeddable":true,"href":"https:\/\/aachen-camping.de\/nl\/wp-json\/wp\/v2\/comments?post=1992"}],"version-history":[{"count":53,"href":"https:\/\/aachen-camping.de\/nl\/wp-json\/wp\/v2\/pages\/1992\/revisions"}],"predecessor-version":[{"id":3097,"href":"https:\/\/aachen-camping.de\/nl\/wp-json\/wp\/v2\/pages\/1992\/revisions\/3097"}],"wp:attachment":[{"href":"https:\/\/aachen-camping.de\/nl\/wp-json\/wp\/v2\/media?parent=1992"}],"curies":[{"name":"wp","href":"https:\/\/api.w.org\/{rel}","templated":true}]}}