{"id":2336,"date":"2020-11-03T11:22:42","date_gmt":"2020-11-03T11:22:42","guid":{"rendered":"https:\/\/stellplatz.pg-redesign.de\/?page_id=2336"},"modified":"2025-09-26T10:53:53","modified_gmt":"2025-09-26T10:53:53","slug":"willkommen-fr","status":"publish","type":"page","link":"https:\/\/aachen-camping.de\/fr","title":{"rendered":"Accueil"},"content":{"rendered":"<div id=\"pl-2336\"  class=\"panel-layout\" ><div id=\"pg-2336-0\"  class=\"panel-grid panel-has-style\" ><div style=\"padding: 100px 0; \" data-overlay=\"true\" data-overlay-color=\"#000000\" class=\"panel-row-style panel-row-style-for-2336-0\" ><div id=\"pgc-2336-0-0\"  class=\"panel-grid-cell\" ><div id=\"panel-2336-0-0-0\" class=\"so-panel widget widget_sow-editor panel-first-child\" data-index=\"0\" ><div style=\"text-align: left;\" data-title-color=\"#443f3f\" data-headings-color=\"#443f3f\" class=\"panel-widget-style panel-widget-style-for-2336-0-0-0\" ><div\n\t\t\t\n\t\t\tclass=\"so-widget-sow-editor so-widget-sow-editor-base\"\n\t\t\t\n\t\t>\n<div class=\"siteorigin-widget-tinymce textwidget\">\n\t<p>&nbsp;<\/p>\n<h1>Bienvenue sur le Site du Stellplatz Bad Aachen<\/h1>\n<\/div>\n<\/div><\/div><\/div><div id=\"panel-2336-0-0-1\" class=\"so-panel widget widget_sow-editor panel-last-child\" data-index=\"1\" ><div style=\"text-align: left;\" data-title-color=\"#443f3f\" data-headings-color=\"#443f3f\" class=\"panel-widget-style panel-widget-style-for-2336-0-0-1\" ><div\n\t\t\t\n\t\t\tclass=\"so-widget-sow-editor so-widget-sow-editor-base\"\n\t\t\t\n\t\t>\n<div class=\"siteorigin-widget-tinymce textwidget\">\n\t<p>Terrain pour caravans et camping-cars<\/p>\n<\/div>\n<\/div><\/div><\/div><\/div><\/div><\/div><div id=\"pg-2336-1\"  class=\"panel-grid panel-has-style\" ><div style=\"padding: 100px 0; \" data-overlay=\"true\" data-overlay-color=\"#000000\" class=\"panel-row-style panel-row-style-for-2336-1\" ><div id=\"pgc-2336-1-0\"  class=\"panel-grid-cell\" ><div id=\"panel-2336-1-0-0\" class=\"so-panel widget widget_sow-editor panel-first-child panel-last-child\" data-index=\"2\" ><div style=\"text-align: left;\" data-title-color=\"#443f3f\" data-headings-color=\"#443f3f\" class=\"panel-widget-style panel-widget-style-for-2336-1-0-0\" ><div\n\t\t\t\n\t\t\tclass=\"so-widget-sow-editor so-widget-sow-editor-base\"\n\t\t\t\n\t\t>\n<div class=\"siteorigin-widget-tinymce textwidget\">\n\t<p><span class=\"smalltext\"><b>Notre camping vous accueille avec:<br \/>\n<\/b><br \/>\n\u2022 sept grand terrains avec de grands emplacements<br \/>\n\u2022\u00a0pav\u00e9s \u00e9cologiques<br \/>\n\u2022\u00a0branchement \u00e9lectrique et prise d\u2019eau (CEE bleu)\u00a0pour chaque utilisateur<br \/>\n\u2022 Station d\u2019\u00e9limination enti\u00e8rement automatique \"CamperClean\"<br \/>\n\u2022\u00a0Station de traitement des d\u00e9chets<br \/>\n\u2022\u00a0B\u00e2timent de service et sanitaires chauff\u00e9s (douches, Lavabo et\u00a0toilettes)<br \/>\n\u2022\u00a0une salle de bain familiale accessible aux personnes handicap\u00e9es<br \/>\n\u2022\u00a0lave-vaisselle lave-linge et s\u00e8che-linge<br \/>\n\u2022\u00a0\u00a0mur d\u2019information et vitrine avec informations touristiques et notes\u00a0d\u2019\u00e9v\u00e9nement<br \/>\n\u2022\u00a0petite prairie avec chemin\u00e9e \u00e0 barbecue et pavillon en bois<br \/>\n\u2022\u00a0\u00a0WiFi gratuity<br \/>\n<\/span><\/p>\n<p><span class=\"smalltext\">Nous nous ferons un plaisir de vous accueillir!<\/span><\/p>\n<p><b>Votre Kur- und Badegesellschaft mbH<br \/>\nKurverwaltung Bad Aachen <\/b><\/p>\n<\/div>\n<\/div><\/div><\/div><\/div><div id=\"pgc-2336-1-1\"  class=\"panel-grid-cell\" ><div id=\"panel-2336-1-1-0\" class=\"so-panel widget widget_sow-image panel-first-child panel-last-child\" data-index=\"3\" ><div style=\"text-align: left;\" data-title-color=\"#443f3f\" data-headings-color=\"#443f3f\" class=\"panel-widget-style panel-widget-style-for-2336-1-1-0\" ><div\n\t\t\t\n\t\t\tclass=\"so-widget-sow-image so-widget-sow-image-default-8b5b6f678277-2336\"\n\t\t\t\n\t\t>\n<div class=\"sow-image-container\">\n\t\t<img \n\tsrc=\"https:\/\/aachen-camping.de\/wp-content\/uploads\/2020\/03\/flaggen_stellplatz.jpg\" width=\"1536\" height=\"1024\" srcset=\"https:\/\/aachen-camping.de\/wp-content\/uploads\/2020\/03\/flaggen_stellplatz.jpg 1536w, https:\/\/aachen-camping.de\/wp-content\/uploads\/2020\/03\/flaggen_stellplatz-300x200.jpg 300w, https:\/\/aachen-camping.de\/wp-content\/uploads\/2020\/03\/flaggen_stellplatz-1024x683.jpg 1024w, https:\/\/aachen-camping.de\/wp-content\/uploads\/2020\/03\/flaggen_stellplatz-768x512.jpg 768w, https:\/\/aachen-camping.de\/wp-content\/uploads\/2020\/03\/flaggen_stellplatz-830x553.jpg 830w, https:\/\/aachen-camping.de\/wp-content\/uploads\/2020\/03\/flaggen_stellplatz-230x153.jpg 230w, https:\/\/aachen-camping.de\/wp-content\/uploads\/2020\/03\/flaggen_stellplatz-350x233.jpg 350w, https:\/\/aachen-camping.de\/wp-content\/uploads\/2020\/03\/flaggen_stellplatz-480x320.jpg 480w, https:\/\/aachen-camping.de\/wp-content\/uploads\/2020\/03\/flaggen_stellplatz-272x182.jpg 272w\" sizes=\"(max-width: 1536px) 100vw, 1536px\" alt=\"\" \t\tclass=\"so-widget-image\"\/>\n\t<\/div>\n\n<\/div><\/div><\/div><\/div><\/div><\/div><div id=\"pg-2336-2\"  class=\"panel-grid panel-has-style\" ><div style=\"padding: 100px 0; \" data-overlay=\"true\" data-overlay-color=\"#000000\" class=\"panel-row-style panel-row-style-for-2336-2\" ><div id=\"pgc-2336-2-0\"  class=\"panel-grid-cell\" ><div id=\"panel-2336-2-0-0\" class=\"so-panel widget widget_sow-editor panel-first-child panel-last-child\" data-index=\"4\" ><div style=\"text-align: left;\" data-title-color=\"#443f3f\" data-headings-color=\"#443f3f\" class=\"panel-widget-style panel-widget-style-for-2336-2-0-0\" ><div\n\t\t\t\n\t\t\tclass=\"so-widget-sow-editor so-widget-sow-editor-base\"\n\t\t\t\n\t\t>\n<div class=\"siteorigin-widget-tinymce textwidget\">\n\t<hr>\n<\/div>\n<\/div><\/div><\/div><\/div><\/div><\/div><div id=\"pg-2336-3\"  class=\"panel-grid panel-has-style\" ><div style=\"padding: 100px 0; \" data-overlay=\"true\" data-overlay-color=\"#000000\" class=\"panel-row-style panel-row-style-for-2336-3\" ><div id=\"pgc-2336-3-0\"  class=\"panel-grid-cell\" ><div id=\"panel-2336-3-0-0\" class=\"so-panel widget widget_sow-editor panel-first-child panel-last-child\" data-index=\"5\" ><div style=\"text-align: left;\" data-title-color=\"#443f3f\" data-headings-color=\"#443f3f\" class=\"panel-widget-style panel-widget-style-for-2336-3-0-0\" ><div\n\t\t\t\n\t\t\tclass=\"so-widget-sow-editor so-widget-sow-editor-base\"\n\t\t\t\n\t\t>\n<div class=\"siteorigin-widget-tinymce textwidget\">\n\t<div id=\"pg-2325-3\" class=\"panel-grid panel-has-style\">\n<div class=\"panel-row-style panel-row-style-for-2325-3\" data-overlay=\"true\" data-overlay-color=\"#000000\">\n<div id=\"pgc-2325-3-0\" class=\"panel-grid-cell\">\n<div id=\"panel-2325-3-0-0\" class=\"so-panel widget widget_sow-editor panel-first-child panel-last-child\" data-index=\"5\">\n<div class=\"panel-widget-style panel-widget-style-for-2325-3-0-0\" data-title-color=\"#443f3f\" data-headings-color=\"#443f3f\">\n<p><strong>NOUVELLES ACTUELLES:<\/strong><\/p>\n<ul>\n<li><em><strong>Note: Nous r\u00e9pondons \u00e0 vos courriels et demandes de renseignements t\u00e9l\u00e9phoniques du lundi au vendredi de 10 h \u00e0 16 h. <\/strong><\/em><\/li>\n<\/ul>\n<\/div>\n<\/div>\n<\/div>\n<\/div>\n<\/div>\n<\/div>\n<\/div><\/div><\/div><\/div><\/div><\/div><div id=\"pg-2336-4\"  class=\"panel-grid panel-has-style\" ><div style=\"padding: 100px 0; \" data-overlay=\"true\" data-overlay-color=\"#000000\" class=\"panel-row-style panel-row-style-for-2336-4\" ><div id=\"pgc-2336-4-0\"  class=\"panel-grid-cell\" ><div id=\"panel-2336-4-0-0\" class=\"so-panel widget widget_sow-editor panel-first-child panel-last-child\" data-index=\"6\" ><div style=\"text-align: left;\" data-title-color=\"#443f3f\" data-headings-color=\"#443f3f\" class=\"panel-widget-style panel-widget-style-for-2336-4-0-0\" ><div\n\t\t\t\n\t\t\tclass=\"so-widget-sow-editor so-widget-sow-editor-base\"\n\t\t\t\n\t\t>\n<div class=\"siteorigin-widget-tinymce textwidget\">\n\t<hr>\n<\/div>\n<\/div><\/div><\/div><\/div><\/div><\/div><div id=\"pg-2336-5\"  class=\"panel-grid panel-has-style\" ><div style=\"padding: 100px 0; \" data-overlay=\"true\" data-overlay-color=\"#000000\" class=\"panel-row-style panel-row-style-for-2336-5\" ><div id=\"pgc-2336-5-0\"  class=\"panel-grid-cell\" ><div id=\"panel-2336-5-0-0\" class=\"so-panel widget widget_sow-image panel-first-child panel-last-child\" data-index=\"7\" ><div style=\"text-align: left;\" data-title-color=\"#443f3f\" data-headings-color=\"#443f3f\" class=\"panel-widget-style panel-widget-style-for-2336-5-0-0\" ><div\n\t\t\t\n\t\t\tclass=\"so-widget-sow-image so-widget-sow-image-default-8b5b6f678277-2336\"\n\t\t\t\n\t\t>\n<div class=\"sow-image-container\">\n\t\t<img \n\tsrc=\"https:\/\/aachen-camping.de\/wp-content\/uploads\/2021\/09\/logos_qualitaet-1.png\" width=\"1025\" height=\"513\" srcset=\"https:\/\/aachen-camping.de\/wp-content\/uploads\/2021\/09\/logos_qualitaet-1.png 1025w, https:\/\/aachen-camping.de\/wp-content\/uploads\/2021\/09\/logos_qualitaet-1-300x150.png 300w, https:\/\/aachen-camping.de\/wp-content\/uploads\/2021\/09\/logos_qualitaet-1-768x384.png 768w, https:\/\/aachen-camping.de\/wp-content\/uploads\/2021\/09\/logos_qualitaet-1-830x415.png 830w, https:\/\/aachen-camping.de\/wp-content\/uploads\/2021\/09\/logos_qualitaet-1-230x115.png 230w, https:\/\/aachen-camping.de\/wp-content\/uploads\/2021\/09\/logos_qualitaet-1-350x175.png 350w, https:\/\/aachen-camping.de\/wp-content\/uploads\/2021\/09\/logos_qualitaet-1-480x240.png 480w\" sizes=\"(max-width: 1025px) 100vw, 1025px\" alt=\"Logos Qualit\u00e4t\" \t\tclass=\"so-widget-image\"\/>\n\t<\/div>\n\n<\/div><\/div><\/div><\/div><div id=\"pgc-2336-5-1\"  class=\"panel-grid-cell\" ><div id=\"panel-2336-5-1-0\" class=\"so-panel widget widget_sow-editor panel-first-child panel-last-child\" data-index=\"8\" ><div style=\"text-align: left;\" data-title-color=\"#443f3f\" data-headings-color=\"#443f3f\" class=\"panel-widget-style panel-widget-style-for-2336-5-1-0\" ><div\n\t\t\t\n\t\t\tclass=\"so-widget-sow-editor so-widget-sow-editor-base\"\n\t\t\t\n\t\t>\n<div class=\"siteorigin-widget-tinymce textwidget\">\n\t<p>Nous nous effor\u00e7ons de maintenir le service et la qualit\u00e9 sur notre site \u00e0 jour et de les adapter aux besoins de nos clients. C\u2019est ce que nous assurons par notre gestion de la qualit\u00e9. Si vous avez quand m\u00eame des raisons de vous critiquer, veuillez nous envoyer un e-mail \u00e0 <a href=\"mailto:mail@aachen-camping.de\">mail@aachen-camping.de<\/a><\/p>\n<\/div>\n<\/div><\/div><\/div><\/div><\/div><\/div><\/div>","protected":false},"excerpt":{"rendered":"<p>&nbsp; Bienvenue sur le Site du Stellplatz Bad Aachen Terrain pour caravans et camping-cars Notre camping vous accueille avec: \u2022 sept grand [&hellip;]<\/p>\n","protected":false},"author":1,"featured_media":0,"parent":0,"menu_order":0,"comment_status":"closed","ping_status":"closed","template":"page-templates\/page_fullwidth.php","meta":{"footnotes":""},"_links":{"self":[{"href":"https:\/\/aachen-camping.de\/fr\/wp-json\/wp\/v2\/pages\/2336"}],"collection":[{"href":"https:\/\/aachen-camping.de\/fr\/wp-json\/wp\/v2\/pages"}],"about":[{"href":"https:\/\/aachen-camping.de\/fr\/wp-json\/wp\/v2\/types\/page"}],"author":[{"embeddable":true,"href":"https:\/\/aachen-camping.de\/fr\/wp-json\/wp\/v2\/users\/1"}],"replies":[{"embeddable":true,"href":"https:\/\/aachen-camping.de\/fr\/wp-json\/wp\/v2\/comments?post=2336"}],"version-history":[{"count":101,"href":"https:\/\/aachen-camping.de\/fr\/wp-json\/wp\/v2\/pages\/2336\/revisions"}],"predecessor-version":[{"id":3106,"href":"https:\/\/aachen-camping.de\/fr\/wp-json\/wp\/v2\/pages\/2336\/revisions\/3106"}],"wp:attachment":[{"href":"https:\/\/aachen-camping.de\/fr\/wp-json\/wp\/v2\/media?parent=2336"}],"curies":[{"name":"wp","href":"https:\/\/api.w.org\/{rel}","templated":true}]}}