{"id":2041,"date":"2020-10-20T08:56:46","date_gmt":"2020-10-20T08:56:46","guid":{"rendered":"https:\/\/stellplatz.pg-redesign.de\/?page_id=2041"},"modified":"2023-05-23T09:47:02","modified_gmt":"2023-05-23T09:47:02","slug":"anfahrt-2","status":"publish","type":"page","link":"https:\/\/aachen-camping.de\/fr\/anfahrt-2","title":{"rendered":"Acc\u00e8s"},"content":{"rendered":"<div id=\"pl-2041\"  class=\"panel-layout\" ><div id=\"pg-2041-0\"  class=\"panel-grid panel-has-style\" ><div style=\"padding: 100px 0; \" data-overlay=\"true\" data-overlay-color=\"#000000\" class=\"panel-row-style panel-row-style-for-2041-0\" ><div id=\"pgc-2041-0-0\"  class=\"panel-grid-cell\" ><div id=\"panel-2041-0-0-0\" class=\"so-panel widget widget_sow-image panel-first-child panel-last-child\" data-index=\"0\" ><div style=\"text-align: left;\" data-title-color=\"#443f3f\" data-headings-color=\"#443f3f\" class=\"panel-widget-style panel-widget-style-for-2041-0-0-0\" ><div\n\t\t\t\n\t\t\tclass=\"so-widget-sow-image so-widget-sow-image-default-8b5b6f678277-2041\"\n\t\t\t\n\t\t>\n<div class=\"sow-image-container\">\n\t\t<img \n\tsrc=\"https:\/\/aachen-camping.de\/wp-content\/uploads\/2020\/04\/anfahrt-1.jpg\" width=\"1901\" height=\"600\" srcset=\"https:\/\/aachen-camping.de\/wp-content\/uploads\/2020\/04\/anfahrt-1.jpg 1901w, https:\/\/aachen-camping.de\/wp-content\/uploads\/2020\/04\/anfahrt-1-300x95.jpg 300w, https:\/\/aachen-camping.de\/wp-content\/uploads\/2020\/04\/anfahrt-1-1024x323.jpg 1024w, https:\/\/aachen-camping.de\/wp-content\/uploads\/2020\/04\/anfahrt-1-768x242.jpg 768w, https:\/\/aachen-camping.de\/wp-content\/uploads\/2020\/04\/anfahrt-1-1536x485.jpg 1536w, https:\/\/aachen-camping.de\/wp-content\/uploads\/2020\/04\/anfahrt-1-830x262.jpg 830w, https:\/\/aachen-camping.de\/wp-content\/uploads\/2020\/04\/anfahrt-1-230x73.jpg 230w, https:\/\/aachen-camping.de\/wp-content\/uploads\/2020\/04\/anfahrt-1-350x110.jpg 350w, https:\/\/aachen-camping.de\/wp-content\/uploads\/2020\/04\/anfahrt-1-480x151.jpg 480w\" sizes=\"(max-width: 1901px) 100vw, 1901px\" title=\"anfahrt\" alt=\"Anfahrt\" \t\tclass=\"so-widget-image\"\/>\n\t<\/div>\n\n<\/div><\/div><\/div><\/div><\/div><\/div><div id=\"pg-2041-1\"  class=\"panel-grid panel-has-style\" ><div style=\"padding: 100px 0; \" data-overlay=\"true\" data-overlay-color=\"#000000\" class=\"panel-row-style panel-row-style-for-2041-1\" ><div id=\"pgc-2041-1-0\"  class=\"panel-grid-cell\" ><div id=\"panel-2041-1-0-0\" class=\"so-panel widget widget_sow-editor panel-first-child panel-last-child\" data-index=\"1\" ><div style=\"text-align: left;\" data-title-color=\"#443f3f\" data-headings-color=\"#443f3f\" class=\"panel-widget-style panel-widget-style-for-2041-1-0-0\" ><div\n\t\t\t\n\t\t\tclass=\"so-widget-sow-editor so-widget-sow-editor-base\"\n\t\t\t\n\t\t>\n<div class=\"siteorigin-widget-tinymce textwidget\">\n\t<h1>Acc\u00e8s<\/h1>\n<\/div>\n<\/div><\/div><\/div><\/div><\/div><\/div><div id=\"pg-2041-2\"  class=\"panel-grid panel-has-style\" ><div style=\"padding: 100px 0; \" data-overlay=\"true\" data-overlay-color=\"#000000\" class=\"panel-row-style panel-row-style-for-2041-2\" ><div id=\"pgc-2041-2-0\"  class=\"panel-grid-cell\" ><div id=\"panel-2041-2-0-0\" class=\"so-panel widget widget_sow-editor panel-first-child panel-last-child\" data-index=\"2\" ><div style=\"text-align: left;\" data-title-color=\"#443f3f\" data-headings-color=\"#443f3f\" class=\"panel-widget-style panel-widget-style-for-2041-2-0-0\" ><div\n\t\t\t\n\t\t\tclass=\"so-widget-sow-editor so-widget-sow-editor-base\"\n\t\t\t\n\t\t>\n<div class=\"siteorigin-widget-tinymce textwidget\">\n\t<p>Le terrain de camping, situ\u00e9 \u00e0 proximit\u00e9 du p\u00e9riph\u00e9rique, est tr\u00e8s bien desservi, quel que soit l\u2019endroit d\u2019o\u00f9 vous venez.<\/p>\n<p><span class=\"smalltext\">Les coordonn\u00e9es GPS du terrain de camping sont les suivantes:<br \/>\n<span class=\"\">50.7612 und 6.1029<\/span><br \/>\n<\/span><br \/>\n<b>Comment acc\u00e9der au terrain de camping:<br \/>\n<\/b><\/p>\n<ul>\n<li>a partir de l\u2019\u00e9changeur d\u2019Aix-la-Chapelle, continuer sur l\u2019A44 direction \u00ab Br\u00fcssel\/Aachen-S\u00fcd \u00bb (Bruxelles\/Aix-la-Chapelle Sud), prendre la sortie \u00ab Lichtenbusch\/Monschau \u00bb<\/li>\n<li>continuer sur 3,8 km sur la Monschauer Stra\u00dfe en direction de la ville jusqu\u2019au p\u00e9riph\u00e9rique<\/li>\n<li>prendre \u00e0 droite Adenauerallee et continuer sur 800 m<\/li>\n<li>au deuxi\u00e8me feu, prendre \u00e0 gauche Branderhofer Weg<\/li>\n<\/ul>\n<\/div>\n<\/div><\/div><\/div><\/div><div id=\"pgc-2041-2-1\"  class=\"panel-grid-cell\" ><div id=\"panel-2041-2-1-0\" class=\"so-panel widget widget_sow-image panel-first-child panel-last-child\" data-index=\"3\" ><div style=\"text-align: left;\" data-title-color=\"#443f3f\" data-headings-color=\"#443f3f\" class=\"panel-widget-style panel-widget-style-for-2041-2-1-0\" ><div\n\t\t\t\n\t\t\tclass=\"so-widget-sow-image so-widget-sow-image-default-8b5b6f678277-2041\"\n\t\t\t\n\t\t>\n<div class=\"sow-image-container\">\n\t\t<img \n\tsrc=\"https:\/\/aachen-camping.de\/wp-content\/uploads\/2020\/04\/anfahrt.gif\" width=\"600\" height=\"436\" sizes=\"(max-width: 600px) 100vw, 600px\" alt=\"Anfahrt\" \t\tclass=\"so-widget-image\"\/>\n\t<\/div>\n\n<\/div><\/div><\/div><\/div><\/div><\/div><\/div>","protected":false},"excerpt":{"rendered":"<p>Acc\u00e8s<\/p>\n","protected":false},"author":1,"featured_media":0,"parent":0,"menu_order":0,"comment_status":"closed","ping_status":"closed","template":"page-templates\/page_fullwidth.php","meta":{"footnotes":""},"_links":{"self":[{"href":"https:\/\/aachen-camping.de\/fr\/wp-json\/wp\/v2\/pages\/2041"}],"collection":[{"href":"https:\/\/aachen-camping.de\/fr\/wp-json\/wp\/v2\/pages"}],"about":[{"href":"https:\/\/aachen-camping.de\/fr\/wp-json\/wp\/v2\/types\/page"}],"author":[{"embeddable":true,"href":"https:\/\/aachen-camping.de\/fr\/wp-json\/wp\/v2\/users\/1"}],"replies":[{"embeddable":true,"href":"https:\/\/aachen-camping.de\/fr\/wp-json\/wp\/v2\/comments?post=2041"}],"version-history":[{"count":10,"href":"https:\/\/aachen-camping.de\/fr\/wp-json\/wp\/v2\/pages\/2041\/revisions"}],"predecessor-version":[{"id":2950,"href":"https:\/\/aachen-camping.de\/fr\/wp-json\/wp\/v2\/pages\/2041\/revisions\/2950"}],"wp:attachment":[{"href":"https:\/\/aachen-camping.de\/fr\/wp-json\/wp\/v2\/media?parent=2041"}],"curies":[{"name":"wp","href":"https:\/\/api.w.org\/{rel}","templated":true}]}}