{"id":2027,"date":"2020-10-20T09:29:50","date_gmt":"2020-10-20T09:29:50","guid":{"rendered":"https:\/\/stellplatz.pg-redesign.de\/?page_id=2027"},"modified":"2025-03-04T09:01:35","modified_gmt":"2025-03-04T09:01:35","slug":"infos-tarife-2","status":"publish","type":"page","link":"https:\/\/aachen-camping.de\/en\/infos-tarife-2","title":{"rendered":"Infos &#038; tariffs"},"content":{"rendered":"<div id=\"pl-2027\"  class=\"panel-layout\" ><div id=\"pg-2027-0\"  class=\"panel-grid panel-has-style\" ><div style=\"padding: 100px 0; \" data-overlay=\"true\" data-overlay-color=\"#000000\" class=\"panel-row-style panel-row-style-for-2027-0\" ><div id=\"pgc-2027-0-0\"  class=\"panel-grid-cell\" ><div id=\"panel-2027-0-0-0\" class=\"so-panel widget widget_sow-editor panel-first-child panel-last-child\" data-index=\"0\" ><div style=\"text-align: left;\" data-title-color=\"#443f3f\" data-headings-color=\"#443f3f\" class=\"panel-widget-style panel-widget-style-for-2027-0-0-0\" ><div\n\t\t\t\n\t\t\tclass=\"so-widget-sow-editor so-widget-sow-editor-base\"\n\t\t\t\n\t\t>\n<div class=\"siteorigin-widget-tinymce textwidget\">\n\t<h1>Infos &amp; Tariffs<\/h1>\n<\/div>\n<\/div><\/div><\/div><\/div><\/div><\/div><div id=\"pg-2027-1\"  class=\"panel-grid panel-has-style\" ><div style=\"padding: 100px 0; \" data-overlay=\"true\" data-overlay-color=\"#000000\" class=\"panel-row-style panel-row-style-for-2027-1\" ><div id=\"pgc-2027-1-0\"  class=\"panel-grid-cell\" ><div id=\"panel-2027-1-0-0\" class=\"so-panel widget widget_sow-editor panel-first-child panel-last-child\" data-index=\"1\" ><div style=\"text-align: left;\" data-title-color=\"#443f3f\" data-headings-color=\"#443f3f\" class=\"panel-widget-style panel-widget-style-for-2027-1-0-0\" ><div\n\t\t\t\n\t\t\tclass=\"so-widget-sow-editor so-widget-sow-editor-base\"\n\t\t\t\n\t\t>\n<div class=\"siteorigin-widget-tinymce textwidget\">\n\t<div id=\"pgc-gb1360-5f8eab6aadff9-1-0\" class=\"panel-grid-cell\">\n<div id=\"panel-gb1360-5f8eab6aadff9-1-0-0\" class=\"so-panel widget widget_black-studio-tinymce widget_black_studio_tinymce panel-first-child\" data-index=\"1\">\n<div class=\"panel-widget-style panel-widget-style-for-gb1360-5f8eab6aadff9-1-0-0\" data-title-color=\"#443f3f\" data-headings-color=\"#443f3f\">\n<div class=\"textwidget\">\n<p>The Aachen city centre and the centre of the spa region Burtscheid are in direct vicinity of our campsite. Good connection to the motorway.<\/p>\n<p><strong>Distances:<\/strong><\/p>\n<p>Autobahn exit: 5.1km \u2013 health resort area: 0.8km \u2013 historical heart of the town\/city centre: 2.3km<br \/>\nThe level area with a size of 1.2ha located in the romantic Gillesbachtal is completely fenced in.<\/p>\n<p>The site can be accessed and left at any time.<\/p>\n<p>The vehicles (whether camper van or caravan with motor car) are to be parked in accordance with the markings on an unoccupied lot of your choice.<\/p>\n<p>Dogs are allowed on the premises, but please always keep them on a lead. You may walk your four-legged companions in the adjoining valley, the Gillesbachtal.<\/p>\n<p><strong>Permanent camping<\/strong> is not allowed. The use of the campsite is limited to 2 nights per stay.<strong> In case groups want to use the campsite, previous permission shall be required.<\/strong><br \/>\n<strong>Reservation is <u>not<\/u> possible.<\/strong><\/p>\n<p><strong>Tariffs:<\/strong><br \/>\nThe user fees are 23,\u2013 \u20ac per camper van \/ caravan<\/p>\n<\/div>\n<\/div>\n<\/div>\n<div id=\"panel-gb1360-5f8eab6aadff9-1-0-1\" class=\"so-panel widget widget_nav_menu panel-last-child\" data-index=\"2\">\n<div class=\"panel-widget-style panel-widget-style-for-gb1360-5f8eab6aadff9-1-0-1\" data-title-color=\"#443f3f\" data-headings-color=\"#443f3f\">\n<div class=\"menu-pdf-english-container\">\n<ul id=\"menu-pdf-english\" class=\"menu\">\n<li id=\"menu-item-1395\" class=\"menu-item menu-item-type-custom menu-item-object-custom menu-item-1395\"><a href=\"https:\/\/aachen-camping.de\/wp-content\/uploads\/2020\/04\/agb-en.pdf\" target=\"_blank\" rel=\"noopener noreferrer\">Terms and conditions \u2013 (PDF, 15KB)<\/a><\/li>\n<li id=\"menu-item-1396\" class=\"menu-item menu-item-type-custom menu-item-object-custom menu-item-1396\"><a href=\"https:\/\/aachen-camping.de\/wp-content\/uploads\/2020\/04\/nutzungsordnung-en.pdf\" target=\"_blank\" rel=\"noopener noreferrer\">Terms of use for the Stellplatz Bad Aachen Aachen \u2013 (PDF, 14KB)<\/a><\/li>\n<li id=\"menu-item-1397\" class=\"menu-item menu-item-type-custom menu-item-object-custom menu-item-1397\"><a href=\"https:\/\/aachen-camping.de\/wp-content\/uploads\/2020\/04\/Nutzungsvertrag_Vorlage.pdf\" target=\"_blank\" rel=\"noopener noreferrer\">User contract (sample) \u2013 (PDF, 178KB)<\/a><\/li>\n<li id=\"menu-item-1408\" class=\"menu-item menu-item-type-custom menu-item-object-custom menu-item-1408\"><a href=\"https:\/\/aachen-camping.de\/wp-content\/uploads\/2022\/05\/Gebu\u0308hrenordnung-NEU-10.2020.pdf\" target=\"_blank\" rel=\"noopener noreferrer\">Schedule of fees (PDF, 37KB)<\/a><\/li>\n<\/ul>\n<p><strong>Downloads:<\/strong><\/p>\n<ul>\n<li><a href=\"https:\/\/aachen-camping.de\/wp-content\/uploads\/2025\/03\/SBA_Flyer_1024_WEB_DE.pdf\" target=\"_blank\" rel=\"noopener noreferrer\">Willkommen \u2013 (DE)<\/a><\/li>\n<li><a href=\"https:\/\/aachen-camping.de\/wp-content\/uploads\/2025\/03\/SBA_Flyer_1024_WEB_EN.pdf\" target=\"_blank\" rel=\"noopener noreferrer\">Welcome \u2013 (GB)<\/a><\/li>\n<li><a href=\"https:\/\/aachen-camping.de\/wp-content\/uploads\/2025\/03\/SBA_Flyer_1024_WEB_FR.pdf\" target=\"_blank\" rel=\"noopener noreferrer\">Bienvenue \u2013 (F)<\/a><\/li>\n<li><a href=\"https:\/\/aachen-camping.de\/wp-content\/uploads\/2025\/03\/SBA_Flyer_1024_WEB_NL.pdf\" target=\"_blank\" rel=\"noopener noreferrer\">Welkom \u2013 (NL)<\/a><\/li>\n<li><a href=\"https:\/\/aachen-camping.de\/wp-content\/uploads\/2025\/03\/SBA_Flyer_1024_WEB_IT.pdf\" target=\"_blank\" rel=\"noopener noreferrer\">Benveunto \u2013 (IT)<\/a><\/li>\n<\/ul>\n<\/div>\n<\/div>\n<\/div>\n<\/div>\n<\/div>\n<\/div><\/div><\/div><\/div><div id=\"pgc-2027-1-1\"  class=\"panel-grid-cell\" ><div id=\"panel-2027-1-1-0\" class=\"so-panel widget widget_sow-image panel-first-child\" data-index=\"2\" ><div style=\"text-align: left;\" data-title-color=\"#443f3f\" data-headings-color=\"#443f3f\" class=\"panel-widget-style panel-widget-style-for-2027-1-1-0\" ><div\n\t\t\t\n\t\t\tclass=\"so-widget-sow-image so-widget-sow-image-default-dbf295114b96-2027\"\n\t\t\t\n\t\t>\n<div class=\"sow-image-container\">\n\t\t<img \n\tsrc=\"https:\/\/aachen-camping.de\/wp-content\/uploads\/2023\/07\/Lageplan_Campingplatz_2023_final.jpg\" width=\"1551\" height=\"2024\" srcset=\"https:\/\/aachen-camping.de\/wp-content\/uploads\/2023\/07\/Lageplan_Campingplatz_2023_final.jpg 1551w, https:\/\/aachen-camping.de\/wp-content\/uploads\/2023\/07\/Lageplan_Campingplatz_2023_final-230x300.jpg 230w, https:\/\/aachen-camping.de\/wp-content\/uploads\/2023\/07\/Lageplan_Campingplatz_2023_final-785x1024.jpg 785w, https:\/\/aachen-camping.de\/wp-content\/uploads\/2023\/07\/Lageplan_Campingplatz_2023_final-768x1002.jpg 768w, https:\/\/aachen-camping.de\/wp-content\/uploads\/2023\/07\/Lageplan_Campingplatz_2023_final-1177x1536.jpg 1177w, https:\/\/aachen-camping.de\/wp-content\/uploads\/2023\/07\/Lageplan_Campingplatz_2023_final-1000x1305.jpg 1000w, https:\/\/aachen-camping.de\/wp-content\/uploads\/2023\/07\/Lageplan_Campingplatz_2023_final-350x457.jpg 350w, https:\/\/aachen-camping.de\/wp-content\/uploads\/2023\/07\/Lageplan_Campingplatz_2023_final-480x626.jpg 480w\" sizes=\"(max-width: 1551px) 100vw, 1551px\" title=\"Lageplan_Campingplatz_2023_final.indd\" alt=\"\" \t\tclass=\"so-widget-image\"\/>\n\t<\/div>\n\n<\/div><\/div><\/div><div id=\"panel-2027-1-1-1\" class=\"so-panel widget widget_sow-editor panel-last-child\" data-index=\"3\" ><div style=\"text-align: left;\" data-title-color=\"#443f3f\" data-headings-color=\"#443f3f\" class=\"panel-widget-style panel-widget-style-for-2027-1-1-1\" ><div\n\t\t\t\n\t\t\tclass=\"so-widget-sow-editor so-widget-sow-editor-base\"\n\t\t\t\n\t\t>\n<div class=\"siteorigin-widget-tinymce textwidget\">\n\t<p><a href=\"https:\/\/aachen-camping.de\/wp-content\/uploads\/2023\/07\/Lageplan_Campingplatz_2023_final.jpg\" target=\"_blank\" rel=\"noopener noreferrer\">zoom<\/a><\/p>\n<\/div>\n<\/div><\/div><\/div><\/div><\/div><\/div><div id=\"pg-2027-2\"  class=\"panel-grid panel-has-style\" ><div style=\"padding: 100px 0; \" data-overlay=\"true\" data-overlay-color=\"#000000\" class=\"panel-row-style panel-row-style-for-2027-2\" ><div id=\"pgc-2027-2-0\"  class=\"panel-grid-cell\" ><div id=\"panel-2027-2-0-0\" class=\"so-panel widget widget_sow-editor panel-first-child panel-last-child\" data-index=\"4\" ><div style=\"text-align: left;\" data-title-color=\"#443f3f\" data-headings-color=\"#443f3f\" class=\"panel-widget-style panel-widget-style-for-2027-2-0-0\" ><div\n\t\t\t\n\t\t\tclass=\"so-widget-sow-editor so-widget-sow-editor-base\"\n\t\t\t\n\t\t>\n<div class=\"siteorigin-widget-tinymce textwidget\">\n\t<hr>\n<\/div>\n<\/div><\/div><\/div><\/div><\/div><\/div><div id=\"pg-2027-3\"  class=\"panel-grid panel-has-style\" ><div style=\"padding: 100px 0; \" data-overlay=\"true\" data-overlay-color=\"#000000\" class=\"panel-row-style panel-row-style-for-2027-3\" ><div id=\"pgc-2027-3-0\"  class=\"panel-grid-cell\" ><div id=\"panel-2027-3-0-0\" class=\"so-panel widget widget_sow-editor panel-first-child panel-last-child\" data-index=\"5\" ><div style=\"text-align: left;\" data-title-color=\"#443f3f\" data-headings-color=\"#443f3f\" class=\"panel-widget-style panel-widget-style-for-2027-3-0-0\" ><div\n\t\t\t\n\t\t\tclass=\"so-widget-sow-editor so-widget-sow-editor-base\"\n\t\t\t\n\t\t>\n<div class=\"siteorigin-widget-tinymce textwidget\">\n\t<div id=\"pgc-gb1360-5f8eab6aadff9-3-0\" class=\"panel-grid-cell\">\n<div id=\"panel-gb1360-5f8eab6aadff9-3-0-0\" class=\"so-panel widget widget_black-studio-tinymce widget_black_studio_tinymce panel-first-child panel-last-child\" data-index=\"6\">\n<div class=\"panel-widget-style panel-widget-style-for-gb1360-5f8eab6aadff9-3-0-0\" data-title-color=\"#443f3f\" data-headings-color=\"#443f3f\">\n<div class=\"textwidget\">\n<p><b>L<span class=\"smalltext\">eisure time<\/span>:<\/b><span class=\"smalltext\"><br \/>\nAachen has a lot to offer to tourists. The bus stop, which is only 400m away, suggests itself for trips into the city centre. The 24-hour-ticket is particularly favourable <\/span>(valid 24 hours from revaluation for max.\u00a0 5 people).<\/p>\n<p><span class=\"smalltext\">A few suggestions:<br \/>\n<\/span><\/p>\n<ul>\n<li>Visit to Aachen cathedral (UNESCO World Cultural Heritage), open 07:00 a.m. \u2013 07:00 p.m.<\/li>\n<li>Guided tour through the old part of the city, starting from the information office Elisenbrunnen at 11:00 a.m. on Sat., Sun and holidays additional guided tours through the old part of the city from April to October, Mon-Fri 02:00 p.m.<\/li>\n<li>Thermal spa and sauna experience at the Carolus thermal springs, daily 09:00 a.m. \u2013 11:00 p.m<\/li>\n<li>Visit to the Aachen Zoo \/ Euregio Zoo, daily 09:00 a.m. \u2013 06:30 p.m.<\/li>\n<li>Bicycle tour on the former Vennbahn railway line, or along the Emperor Route<\/li>\n<\/ul>\n<\/div>\n<\/div>\n<\/div>\n<\/div>\n<\/div>\n<\/div><\/div><\/div><\/div><div id=\"pgc-2027-3-1\"  class=\"panel-grid-cell\" ><div id=\"panel-2027-3-1-0\" class=\"so-panel widget widget_sow-editor panel-first-child panel-last-child\" data-index=\"6\" ><div style=\"text-align: left;\" data-title-color=\"#443f3f\" data-headings-color=\"#443f3f\" class=\"panel-widget-style panel-widget-style-for-2027-3-1-0\" ><div\n\t\t\t\n\t\t\tclass=\"so-widget-sow-editor so-widget-sow-editor-base\"\n\t\t\t\n\t\t>\n<div class=\"siteorigin-widget-tinymce textwidget\">\n\t<div id=\"pgc-gb1360-5f8eab6aadff9-3-1\" class=\"panel-grid-cell\">\n<div class=\"panel-cell-style panel-cell-style-for-gb1360-5f8eab6aadff9-3-1\">\n<div id=\"panel-gb1360-5f8eab6aadff9-3-1-0\" class=\"so-panel widget widget_black-studio-tinymce widget_black_studio_tinymce panel-first-child\" data-index=\"7\">\n<div class=\"panel-widget-style panel-widget-style-for-gb1360-5f8eab6aadff9-3-1-0\" data-title-color=\"#443f3f\" data-headings-color=\"#443f3f\">\n<div class=\"textwidget\">\n<p><b><span class=\"smalltext\">Please also see the following Internet addresses:<\/span><\/b><\/p>\n<\/div>\n<\/div>\n<\/div>\n<div id=\"panel-gb1360-5f8eab6aadff9-3-1-1\" class=\"so-panel widget widget_nav_menu panel-last-child\" data-index=\"8\">\n<div class=\"panel-widget-style panel-widget-style-for-gb1360-5f8eab6aadff9-3-1-1\" data-title-color=\"#443f3f\" data-headings-color=\"#443f3f\">\n<div class=\"menu-externe-links-englisch-container\">\n<ul id=\"menu-externe-links-englisch\" class=\"menu\">\n<li id=\"menu-item-1412\" class=\"menu-item menu-item-type-custom menu-item-object-custom menu-item-1412\"><a href=\"https:\/\/www.aachen.de\" target=\"_blank\" rel=\"noopener noreferrer\">www.aachen.de<\/a><\/li>\n<li id=\"menu-item-1413\" class=\"menu-item menu-item-type-custom menu-item-object-custom menu-item-1413\"><a href=\"https:\/\/www.aachen-tourist.de\" target=\"_blank\" rel=\"noopener noreferrer\">www.aachen-tourist.de<\/a><\/li>\n<li id=\"menu-item-1414\" class=\"menu-item menu-item-type-custom menu-item-object-custom menu-item-1414\"><a href=\"http:\/\/www.bad-aachen.de\/kurverwaltung\/\" target=\"_blank\" rel=\"noopener noreferrer\">www.bad-aachen.de<\/a><\/li>\n<li id=\"menu-item-1415\" class=\"menu-item menu-item-type-custom menu-item-object-custom menu-item-1415\"><a href=\"https:\/\/www.carolus-thermen.de\/de\/thermalbad\/\" target=\"_blank\" rel=\"noopener noreferrer\">www.carolus-thermen.de<\/a><\/li>\n<\/ul>\n<\/div>\n<\/div>\n<\/div>\n<\/div>\n<\/div>\n<\/div>\n<\/div><\/div><\/div><\/div><div id=\"pgc-2027-3-2\"  class=\"panel-grid-cell\" ><div id=\"panel-2027-3-2-0\" class=\"so-panel widget widget_sow-image panel-first-child panel-last-child\" data-index=\"7\" ><div style=\"text-align: left;\" data-title-color=\"#443f3f\" data-headings-color=\"#443f3f\" class=\"panel-widget-style panel-widget-style-for-2027-3-2-0\" ><div\n\t\t\t\n\t\t\tclass=\"so-widget-sow-image so-widget-sow-image-default-8b5b6f678277-2027\"\n\t\t\t\n\t\t>\n<div class=\"sow-image-container\">\n\t\t<img \n\tsrc=\"https:\/\/aachen-camping.de\/wp-content\/uploads\/2020\/03\/Bad-Aachen-Logo-mit-Rahmen.jpg\" width=\"931\" height=\"929\" srcset=\"https:\/\/aachen-camping.de\/wp-content\/uploads\/2020\/03\/Bad-Aachen-Logo-mit-Rahmen.jpg 931w, https:\/\/aachen-camping.de\/wp-content\/uploads\/2020\/03\/Bad-Aachen-Logo-mit-Rahmen-300x300.jpg 300w, https:\/\/aachen-camping.de\/wp-content\/uploads\/2020\/03\/Bad-Aachen-Logo-mit-Rahmen-150x150.jpg 150w, https:\/\/aachen-camping.de\/wp-content\/uploads\/2020\/03\/Bad-Aachen-Logo-mit-Rahmen-768x766.jpg 768w, https:\/\/aachen-camping.de\/wp-content\/uploads\/2020\/03\/Bad-Aachen-Logo-mit-Rahmen-50x50.jpg 50w\" sizes=\"(max-width: 931px) 100vw, 931px\" title=\"Freizeit:\n\nDie touristischen Angebote Aachens sind vielf\u00e4ltig. F\u00fcr innerst\u00e4dtische Ziele bietet sich die nur 400 Meter entfernte Bushaltestelle an. Besonders g\u00fcnstig fahren Sie mit der Minigruppenkarte (g\u00fcltig f\u00fcr 2 - 5 Personen, werktags ab 9.00 Uhr, Sa, So und feiertags ganzt\u00e4gig).\n\nEinige Anregungen:\n\u2022 \tBesichtigung des Aachener Doms (UNESCO-Weltkulturerbe), ge\u00f6ffnet 7.00 - 19.00 Uhr\n\u2022 \tAltstadtf\u00fchrung, Sa, So und feiertags ab Informationsb\u00fcro Elisenbrunnen, 11.00 Uhr\nvon April bis Oktober zus\u00e4tzliche Altstadtf\u00fchrungen Mo - Fr 14.00 Uhr\n\u2022 \tThermalbade- und Saunaerlebnis in den Carolus Thermen, t\u00e4glich 9.00 - 23.00 Uhr\n\u2022 \tBesuch des Aachener Tierparks \/ Euregiozoo, t\u00e4glich 9.00 - 18.30 Uhr\n\u2022 \tMit dem Fahrrad \u00fcber die ehemalige Vennbahntrasse \" alt=\"Bad Aachen\" \t\tclass=\"so-widget-image\"\/>\n\t<\/div>\n\n<\/div><\/div><\/div><\/div><\/div><\/div><div id=\"pg-2027-4\"  class=\"panel-grid panel-has-style\" ><div style=\"padding: 100px 0; \" data-overlay=\"true\" data-overlay-color=\"#000000\" class=\"panel-row-style panel-row-style-for-2027-4\" ><div id=\"pgc-2027-4-0\"  class=\"panel-grid-cell\" ><div id=\"panel-2027-4-0-0\" class=\"so-panel widget widget_sow-editor panel-first-child panel-last-child\" data-index=\"8\" ><div style=\"text-align: left;\" data-title-color=\"#443f3f\" data-headings-color=\"#443f3f\" class=\"panel-widget-style panel-widget-style-for-2027-4-0-0\" ><div\n\t\t\t\n\t\t\tclass=\"so-widget-sow-editor so-widget-sow-editor-base\"\n\t\t\t\n\t\t>\n<div class=\"siteorigin-widget-tinymce textwidget\">\n\t<hr>\n<\/div>\n<\/div><\/div><\/div><\/div><\/div><\/div><div id=\"pg-2027-5\"  class=\"panel-grid panel-has-style\" ><div style=\"padding: 100px 0; \" data-overlay=\"true\" data-overlay-color=\"#000000\" class=\"panel-row-style panel-row-style-for-2027-5\" ><div id=\"pgc-2027-5-0\"  class=\"panel-grid-cell\" ><div id=\"panel-2027-5-0-0\" class=\"so-panel widget widget_sow-editor panel-first-child panel-last-child\" data-index=\"9\" ><div style=\"text-align: left;\" data-title-color=\"#443f3f\" data-headings-color=\"#443f3f\" class=\"panel-widget-style panel-widget-style-for-2027-5-0-0\" ><div\n\t\t\t\n\t\t\tclass=\"so-widget-sow-editor so-widget-sow-editor-base\"\n\t\t\t\n\t\t>\n<div class=\"siteorigin-widget-tinymce textwidget\">\n\t<div id=\"pg-gb1360-5f8eab6aadff9-4\" class=\"panel-grid panel-has-style\">\n<div class=\"panel-row-style panel-row-style-for-gb1360-5f8eab6aadff9-4\" data-overlay=\"true\" data-overlay-color=\"#000000\">\n<div id=\"pgc-gb1360-5f8eab6aadff9-4-0\" class=\"panel-grid-cell\">\n<div id=\"panel-gb1360-5f8eab6aadff9-4-0-0\" class=\"so-panel widget widget_black-studio-tinymce widget_black_studio_tinymce panel-first-child panel-last-child\" data-index=\"10\">\n<div class=\"panel-widget-style panel-widget-style-for-gb1360-5f8eab6aadff9-4-0-0\" data-title-color=\"#443f3f\" data-headings-color=\"#443f3f\">\n<div class=\"textwidget\">\n<hr \/>\n<\/div>\n<\/div>\n<\/div>\n<\/div>\n<\/div>\n<\/div>\n<div id=\"pg-gb1360-5f8eab6aadff9-5\" class=\"panel-grid panel-has-style\">\n<div class=\"panel-row-style panel-row-style-for-gb1360-5f8eab6aadff9-5\" data-overlay=\"true\" data-overlay-color=\"#000000\">\n<div id=\"pgc-gb1360-5f8eab6aadff9-5-0\" class=\"panel-grid-cell\">\n<div id=\"panel-gb1360-5f8eab6aadff9-5-0-0\" class=\"so-panel widget widget_black-studio-tinymce widget_black_studio_tinymce panel-first-child panel-last-child\" data-index=\"11\">\n<div class=\"panel-widget-style panel-widget-style-for-gb1360-5f8eab6aadff9-5-0-0\" data-title-color=\"#443f3f\" data-headings-color=\"#443f3f\">\n<div class=\"textwidget\">\n<h3><b>Attention, Low-Emission Zone (Umweltzone)<\/b><\/h3>\n<div>\n<p>Aachen has a green zone, which is passed through for 500 m via the outer ring for access to the camping ground.<\/p>\n<\/div>\n<\/div>\n<\/div>\n<\/div>\n<\/div>\n<\/div>\n<\/div>\n<\/div>\n<\/div><\/div><\/div><\/div><\/div><\/div><\/div>","protected":false},"excerpt":{"rendered":"<p>Infos &amp; Tariffs The Aachen city centre and the centre of the spa region Burtscheid are in direct vicinity of our campsite. [&hellip;]<\/p>\n","protected":false},"author":1,"featured_media":0,"parent":0,"menu_order":0,"comment_status":"closed","ping_status":"closed","template":"page-templates\/page_fullwidth.php","meta":{"footnotes":""},"_links":{"self":[{"href":"https:\/\/aachen-camping.de\/en\/wp-json\/wp\/v2\/pages\/2027"}],"collection":[{"href":"https:\/\/aachen-camping.de\/en\/wp-json\/wp\/v2\/pages"}],"about":[{"href":"https:\/\/aachen-camping.de\/en\/wp-json\/wp\/v2\/types\/page"}],"author":[{"embeddable":true,"href":"https:\/\/aachen-camping.de\/en\/wp-json\/wp\/v2\/users\/1"}],"replies":[{"embeddable":true,"href":"https:\/\/aachen-camping.de\/en\/wp-json\/wp\/v2\/comments?post=2027"}],"version-history":[{"count":52,"href":"https:\/\/aachen-camping.de\/en\/wp-json\/wp\/v2\/pages\/2027\/revisions"}],"predecessor-version":[{"id":3098,"href":"https:\/\/aachen-camping.de\/en\/wp-json\/wp\/v2\/pages\/2027\/revisions\/3098"}],"wp:attachment":[{"href":"https:\/\/aachen-camping.de\/en\/wp-json\/wp\/v2\/media?parent=2027"}],"curies":[{"name":"wp","href":"https:\/\/api.w.org\/{rel}","templated":true}]}}