{"id":1183,"date":"2020-04-22T09:52:05","date_gmt":"2020-04-22T09:52:05","guid":{"rendered":"https:\/\/stellplatz.pg-redesign.de\/?page_id=1183"},"modified":"2026-01-07T09:31:28","modified_gmt":"2026-01-07T09:31:28","slug":"datenschutzerklaerung","status":"publish","type":"page","link":"https:\/\/aachen-camping.de\/en\/datenschutzerklaerung","title":{"rendered":"Datenschutz"},"content":{"rendered":"<div id=\"pl-1183\"  class=\"panel-layout\" ><div id=\"pg-1183-0\"  class=\"panel-grid panel-has-style\" ><div style=\"padding: 100px 0; \" data-overlay=\"true\" class=\"panel-row-style panel-row-style-for-1183-0\" ><div id=\"pgc-1183-0-0\"  class=\"panel-grid-cell\" ><div id=\"panel-1183-0-0-0\" class=\"so-panel widget widget_black-studio-tinymce widget_black_studio_tinymce panel-first-child panel-last-child\" data-index=\"0\" ><div style=\"text-align: left;\" data-title-color=\"#443f3f\" data-headings-color=\"#443f3f\" class=\"panel-widget-style panel-widget-style-for-1183-0-0-0\" ><div class=\"textwidget\"><p><strong>Hinweise zur Verarbeitung Ihrer personenbezogenen Daten<\/strong><\/p>\n<p><strong>Verantwortlich f\u00fcr die Datenverarbeitung<\/strong> auf diesem Internetauftritt, den dazugeh\u00f6rigen Social-Media-Pr\u00e4senzen und f\u00fcr weitere, genannte Verarbeitungst\u00e4tigkeiten ist<\/p>\n<p><strong>Verantwortlich f\u00fcr die Datenverarbeitung:<\/strong><\/p>\n<p>Kur- und Badegesellschaft mbH<br \/>\nStadtgarten \/ Passstr. 79<br \/>\n52070 Aachen<\/p>\n<p>Gesch\u00e4ftsf\u00fchrer:<\/p>\n<p>Herr Dipl. Kfm. Bj\u00f6rn Jansen<br \/>\nTelefon: <a href=\"tel:+49%20%20(0)%20241%20\/%201%2082%2074-0\">+49 (0) 241 \/ 1 82 74-0<\/a><br \/>\nE-Mail: <a href=\"mailto:mail@carolus-thermen.de\">mail@carolus-thermen.de<\/a><\/p>\n<p><strong>Datenschutzbeauftragter<\/strong><\/p>\n<p>Wenn Sie Fragen zum Thema Datenschutz haben, kontaktieren Sie uns bitte.<\/p>\n<p>Ingo Goblirsch, LL.M.<br \/>\nExterner Datenschutzbeauftragter<br \/>\nDatenschutz | Compliance | Informationssicherheit<br \/>\nPromenade 7<br \/>\n52076 Aachen<\/p>\n<ul>\n<li><a href=\"tel:+49%20(0)%202408%20\/%209%2081%2098%2067\">+49 (0) 2408 \/ 9 81 98 67<\/a><\/li>\n<li>E-Mail pers\u00f6nlich: <a href=\"mailto:datenschutz@goblirsch.org\">datenschutz@goblirsch.org<\/a><br \/>\nE-Mail Datenschutzteam: <a href=\"mailto:datenschutz@carolus-thermen.de\">datenschutz@carolus-thermen.de<\/a><\/li>\n<li><a href=\"https:\/\/www.goblirsch.org\">www.goblirsch.org<\/a><\/li>\n<\/ul>\n<p><strong>Auf welcher rechtlichen Grundlage werden Ihre Daten verarbeitet?<\/strong><\/p>\n<p>Von Gesetzes wegen ist im Grundsatz jede Verarbeitung personenbezogener Daten verboten und nur dann erlaubt, wenn die Datenverarbeitung unter einen der folgenden Rechtfertigungstatbest\u00e4nde f\u00e4llt:<\/p>\n<ul>\n<li>6 Abs. 1 S. 1 lit. a DSGVO (\"Einwilligung\"): Wenn der Betroffene freiwillig, in informierter Weise und unmissverst\u00e4ndlich durch eine Erkl\u00e4rung oder eine sonstige eindeutige best\u00e4tigende Handlung zu verstehen gegeben hat, dass er mit der Verarbeitung der ihn betreffenden personenbezogenen Daten f\u00fcr einen oder mehrere bestimmte Zwecke einverstanden ist;<\/li>\n<li>6 Abs. 1 S. 1 lit. b DSGVO: Wenn die Verarbeitung zur Erf\u00fcllung eines Vertrags, dessen Vertragspartei der Betroffene ist, oder zur Durchf\u00fchrung vorvertraglicher Ma\u00dfnahmen erforderlich ist, die auf die Anfrage des Betroffenen erfolgen;<\/li>\n<li>6 Abs. 1 S. 1 lit. c DSGVO: Wenn die Verarbeitung zur Erf\u00fcllung einer rechtlichen Verpflichtung erforderlich ist, der der Verantwortliche unterliegt (z.\u2009B. eine gesetzliche Aufbewahrungspflicht);<\/li>\n<li>6 Abs. 1 S. 1 lit. d DSGVO: Wenn die Verarbeitung erforderlich ist, um lebenswichtige Interessen des Betroffenen oder einer anderen nat\u00fcrlichen Person zu sch\u00fctzen;<\/li>\n<li>6 Abs. 1 S. 1 lit. e DSGVO: Wenn die Verarbeitung f\u00fcr die Wahrnehmung einer Aufgabe erforderlich ist, die im \u00f6ffentlichen Interesse liegt oder in Aus\u00fcbung \u00f6ffentlicher Gewalt erfolgt, die dem Verantwortlichen \u00fcbertragen wurde oder<\/li>\n<li>6 Abs. 1 S. 1 lit. f DSGVO (\"Berechtigte Interessen\"): Wenn die Verarbeitung zur Wahrung berechtigter (insbesondere rechtlicher oder wirtschaftlicher) Interessen des Verantwortlichen oder eines Dritten erforderlich ist, sofern nicht die gegenl\u00e4ufigen Interessen oder Rechte des Betroffenen \u00fcberwiegen (insbesondere dann, wenn es sich dabei um einen Minderj\u00e4hrigen handelt).<\/li>\n<\/ul>\n<p>Die Speicherung von Informationen in der Endeinrichtung des Endnutzers oder der Zugriff auf Informationen, die bereits in der Endeinrichtung gespeichert sind, sind nur zul\u00e4ssig, wenn sie von einem der folgenden Rechtfertigungstatbest\u00e4nden gedeckt sind:<\/p>\n<ul>\n<li>25 Abs. 1 TTDSG: Wenn der Endnutzer auf der Grundlage von klaren und umfassenden Informationen eingewilligt hat. Die Einwilligung hat gem. Art. 6 Abs. 1 S. 1 lit. a DSGVO zu erfolgen;<\/li>\n<li>25 Abs. 2 Nr. 1 TTDSG: Wenn der alleinige Zweck die Durchf\u00fchrung der \u00dcbertragung einer Nachricht \u00fcber ein \u00f6ffentliches Telekommunikationsnetz ist oder<\/li>\n<li>25 Abs. 2 Nr. 2 TTDSG: Wenn die Speicherung oder der Zugriff unbedingt erforderlich ist, damit der Anbieter eines Telemediendienstes einen vom Nutzer ausdr\u00fccklich gew\u00fcnschten Telemediendienst zur Verf\u00fcgung stellen kann.<\/li>\n<\/ul>\n<p>F\u00fcr die von uns vorgenommenen Verarbeitungsvorg\u00e4nge geben wir im Folgenden jeweils die anwendbare Rechtsgrundlage an. Eine Verarbeitung kann auch auf mehreren Rechtsgrundlagen beruhen.<\/p>\n<p><strong>An welche Empf\u00e4nger werden die Daten weitergegeben?<\/strong><\/p>\n<p>Eine Weitergabe Ihrer personenbezogenen Daten an Dritte findet grunds\u00e4tzlich nur statt, wenn dies f\u00fcr die Durchf\u00fchrung des Vertrages mit Ihnen erforderlich ist, die Weitergabe auf Basis einer Interessenabw\u00e4gung i.S.d. Art. 6 Abs. 1 lit. f) DSGVO zul\u00e4ssig ist oder wir rechtlich zu der Weitergabe verpflichtet sind. Wenn Sie ein Interesse an unseren Produkten haben und Ihre Einwilligung zur Weitergabe Ihrer Daten erteilt haben, geben wir Kontaktdaten an einen station\u00e4ren Fachh\u00e4ndler weiter.<\/p>\n<p><strong>Welche Rechte haben Sie als Betroffene?<\/strong><\/p>\n<p>Ihre Rechte als Betroffener bez\u00fcglich Ihrer verarbeiteten personenbezogenen Daten k\u00f6nnen Sie uns gegen\u00fcber unter den eingangs unter \u201eVerantwortlicher f\u00fcr die Datenverarbeitung\u201c angegebenen Kontaktdaten jederzeit geltend machen. Sie haben als Betroffener das Recht:<\/p>\n<ul>\n<li>gem\u00e4\u00df Art. 15 DSGVO Auskunft \u00fcber Ihre von uns verarbeiteten Daten zu verlangen. Insbesondere k\u00f6nnen Sie Auskunft \u00fcber die Verarbeitungszwecke, die Kategorie der Daten, die Kategorien von Empf\u00e4ngern, gegen\u00fcber denen Ihre Daten offengelegt wurden oder werden, die geplante Speicherdauer, das Bestehen eines Rechts auf Berichtigung, L\u00f6schung, Einschr\u00e4nkung der Verarbeitung oder Widerspruch, das Bestehen eines Beschwerderechts, die Herkunft ihrer Daten, sofern diese nicht bei uns erhoben wurden, sowie \u00fcber das Bestehen einer automatisierten Entscheidungsfindung einschlie\u00dflich Profiling und ggf. aussagekr\u00e4ftigen Informationen zu deren Einzelheiten verlangen;<\/li>\n<li>gem\u00e4\u00df Art. 16 DSGVO unverz\u00fcglich die Berichtigung unrichtiger oder die Vervollst\u00e4ndigung Ihrer bei uns gespeicherten Daten zu verlangen;<\/li>\n<li>gem\u00e4\u00df Art. 17 DSGVO die L\u00f6schung Ihrer bei uns gespeicherten Daten zu verlangen, soweit nicht die Verarbeitung zur Aus\u00fcbung des Rechts auf freie Meinungs\u00e4u\u00dferung und Information, zur Erf\u00fcllung einer rechtlichen Verpflichtung, aus Gr\u00fcnden des \u00f6ffentlichen Interesses oder zur Geltendmachung, Aus\u00fcbung oder Verteidigung von Rechtsanspr\u00fcchen erforderlich ist;<\/li>\n<li>gem\u00e4\u00df Art. 18 DSGVO die Einschr\u00e4nkung der Verarbeitung Ihrer Daten zu verlangen, soweit die Richtigkeit der Daten von Ihnen bestritten wird oder die Verarbeitung unrechtm\u00e4\u00dfig ist;<\/li>\n<li>gem\u00e4\u00df Art. 20 DSGVO Ihre Daten, die Sie uns bereitgestellt haben, in einem strukturierten, g\u00e4ngigen und maschinenlesbaren Format zu erhalten oder die \u00dcbermittlung an einen anderen Verantwortlichen zu verlangen (\"Daten\u00fcbertragbarkeit\");<\/li>\n<li>gem\u00e4\u00df Art. 21 DSGVO Widerspruch gegen die Verarbeitung einzulegen, sofern die Verarbeitung aufgrund von Art. 6 Abs. 1 S. 1 lit. e oder lit. f DSGVO erfolgt. Dies ist insbesondere der Fall, wenn die Verarbeitung nicht zur Erf\u00fcllung eines Vertrags mit Ihnen erforderlich ist. Sofern es sich nicht um einen Widerspruch gegen Direktwerbung handelt, bitten wir bei Aus\u00fcbung eines solchen Widerspruchs um die Darlegung der Gr\u00fcnde, weshalb wir Ihre Daten nicht wie von uns durchgef\u00fchrt verarbeiten sollen. Im Falle Ihres begr\u00fcndeten Widerspruchs pr\u00fcfen wir die Sachlage und werden entweder die Datenverarbeitung einstellen bzw. anpassen oder Ihnen unsere zwingenden schutzw\u00fcrdigen Gr\u00fcnde aufzeigen, aufgrund derer wir die Verarbeitung fortf\u00fchren;<\/li>\n<li>gem\u00e4\u00df Art. 7 Abs. 3 DSGVO Ihre einmal erteilte Einwilligung \u2013 also Ihr freiwilliger, in informierter Weise und unmissverst\u00e4ndlich durch eine Erkl\u00e4rung oder eine sonstige eindeutige best\u00e4tigende Handlung verst\u00e4ndlich gemachter Willen, dass Sie mit der Verarbeitung der betreffenden personenbezogenen Daten f\u00fcr einen oder mehrere bestimmte Zwecke einverstanden sind \u2013 jederzeit uns gegen\u00fcber zu widerrufen, falls Sie eine solche erteilt haben. Dies hat zur Folge, dass wir die Datenverarbeitung, die auf dieser Einwilligung beruhte, f\u00fcr die Zukunft nicht mehr fortf\u00fchren d\u00fcrfen und<\/li>\n<li>gem\u00e4\u00df Art. 77 DSGVO sich bei einer Datenschutz-Aufsichtsbeh\u00f6rde \u00fcber die Verarbeitung Ihrer personenbezogenen Daten in unserem Unternehmen zu beschweren.<\/li>\n<\/ul>\n<p><strong>Datenl\u00f6schung und Speicherdauer<\/strong><\/p>\n<p>F\u00fcr die von uns vorgenommenen Verarbeitungsvorg\u00e4nge geben wir im Folgenden jeweils an, wie lange die Daten bei uns gespeichert und wann sie gel\u00f6scht oder gesperrt werden. Soweit nachfolgend keine ausdr\u00fcckliche Speicherdauer angegeben wird, werden Ihre personenbezogenen Daten gel\u00f6scht oder gesperrt, sobald der Zweck oder die Rechtsgrundlage f\u00fcr die Speicherung entf\u00e4llt.<\/p>\n<p>Eine Speicherung kann jedoch \u00fcber die angegebene Zeit hinaus im Falle einer (drohenden) Rechtsstreitigkeit mit Ihnen oder eines sonstigen rechtlichen Verfahrens erfolgen oder wenn die Speicherung durch gesetzliche Vorschriften, denen wir als Verantwortlicher unterliegen (z. B. \u00a7 257 HGB, \u00a7 147 AO), vorgesehen ist. Wenn die durch die gesetzlichen Vorschriften vorgeschriebene Speicherfrist abl\u00e4uft, erfolgt eine Sperrung oder L\u00f6schung der personenbezogenen Daten, es sei denn, dass eine weitere Speicherung durch uns erforderlich ist und daf\u00fcr eine Rechtsgrundlage besteht.<\/p>\n<p><strong>Kontaktaufnahme \/ Kunden-Datenverarbeitung<\/strong><\/p>\n<p>Wenn Sie uns per E-Mail oder Telefon kontaktieren, wird Ihre Anfrage inklusive aller daraus hervorgehenden personenbezogenen Daten (Name, Anfrage) zum Zwecke der Bearbeitung Ihres Anliegens bei uns gespeichert und verarbeitet. Diese Daten geben wir nicht ohne Ihre Einwilligung weiter.<\/p>\n<p>Die Verarbeitung dieser Daten erfolgt auf Grundlage von Art. 6 Abs. 1 lit. b DSGVO, sofern Ihre Anfrage mit der die Anbahnung, Begr\u00fcndung, inhaltliche Ausgestaltung oder \u00c4nderung eines Rechtsverh\u00e4ltnisses zwischen Ihnen und uns zusammenh\u00e4ngt oder zur Durchf\u00fchrung vorvertraglicher Ma\u00dfnahmen erforderlich ist.<\/p>\n<p>Aufgrund der von Ihnen gegebenen Einwilligung nach Art. 6 Abs. 1 lit. a DSGVO und falls Gesundheitsdaten betroffen sind nach Art. 9 Abs. 2 lit. a DSGVO zur werblichen Kontaktaufnahme in postalischer, telefonischer, pers\u00f6nlicher oder elektronischer Form mit Bezug zu den genannten Datenkategorien.<\/p>\n<p>In allen \u00fcbrigen F\u00e4llen beruht die Verarbeitung auf unserem berechtigten Interesse an der effektiven Bearbeitung der an uns gerichteten Anfragen (Art. 6 Abs. 1 lit. f DSGVO.<\/p>\n<p>Die von Ihnen an uns per Kontaktanfragen \u00fcbersandten Daten verbleiben bei uns, bis Sie uns zur L\u00f6schung auffordern, Ihre Einwilligung zur Speicherung widerrufen oder der Zweck f\u00fcr die Datenspeicherung entf\u00e4llt (z. B. nach abgeschlossener Bearbeitung Ihres Anliegens). Zwingende gesetzliche Bestimmungen \u2013 insbesondere steuer- und handelsrechtliche Aufbewahrungsfristen \u2013 bleiben unber\u00fchrt.<\/p>\n<p><strong>Bewerbung<\/strong><\/p>\n<p>Wir bieten Ihnen die M\u00f6glichkeit, sich bei uns zu bewerben (z. B. per E-Mail oder postalisch). Im Folgenden informieren wir Sie \u00fcber Umfang, Zweck und Verwendung Ihrer im Rahmen des Bewerbungsprozesses erhobenen personenbezogenen Daten. Wir versichern, dass die Erhebung, Verarbeitung und Nutzung Ihrer Daten in \u00dcbereinstimmung mit geltendem Datenschutzrecht und allen weiteren gesetzlichen Bestimmungen erfolgt und Ihre Daten streng vertraulich behandelt werden.<\/p>\n<p>Wenn Sie uns eine Bewerbung zukommen lassen, verarbeiten wir Ihre damit verbundenen personenbezogenen Daten (z. B. Kontakt- und Kommunikationsdaten, Bewerbungsunterlagen, Notizen im Rahmen von Bewerbungsgespr\u00e4chen etc.), soweit dies zur Entscheidung \u00fcber die Begr\u00fcndung eines Besch\u00e4ftigungsverh\u00e4ltnisses erforderlich ist. Rechtsgrundlage hierf\u00fcr ist \u00a7 26 BDSG nach deutschem Recht (Anbahnung eines Besch\u00e4ftigungsverh\u00e4ltnisses), Art. 6 Abs. 1 lit. b DSGVO (allgemeine Vertragsanbahnung) und \u2013 sofern Sie eine Einwilligung erteilt haben \u2013 Art. 6 Abs. 1 lit. a DSGVO. Die Einwilligung ist jederzeit mit Wirkung f\u00fcr die Zukunft widerrufbar. Ihre personenbezogenen Daten werden innerhalb unseres Unternehmens ausschlie\u00dflich an Personen weitergegeben, die an der Bearbeitung Ihrer Bewerbung beteiligt sind.<\/p>\n<p>Sofern die Bewerbung erfolgreich ist, werden die von Ihnen eingereichten Daten auf Grundlage von \u00a7 26 BDSG und Art. 6 Abs. 1 lit. b DSGVO zum Zwecke der Durchf\u00fchrung des Besch\u00e4ftigungsverh\u00e4ltnisses in unseren Datenverarbeitungssystemen gespeichert.<\/p>\n<p>Sofern wir Ihnen kein Stellenangebot machen k\u00f6nnen, Sie ein Stellenangebot ablehnen oder Ihre Bewerbung zur\u00fcckziehen, behalten wir uns das Recht vor, die von Ihnen \u00fcbermittelten Daten auf Grundlage unserer berechtigten Interessen (Art. 6 Abs. 1 lit. f DSGVO) bis zu 6 Monate ab der Beendigung des Bewerbungsverfahrens (Ablehnung oder Zur\u00fcckziehung der Bewerbung) bei uns aufzubewahren. Anschlie\u00dfend werden die Daten gel\u00f6scht und die physischen Bewerbungsunterlagen vernichtet. Die Aufbewahrung dient insbesondere Nachweiszwecken im Falle eines Rechtsstreits. Sofern ersichtlich ist, dass die Daten nach Ablauf der 6-Monatsfrist erforderlich sein werden (z. B. aufgrund eines drohenden oder anh\u00e4ngigen Rechtsstreits), findet eine L\u00f6schung erst statt, wenn der Zweck f\u00fcr die weitergehende Aufbewahrung entf\u00e4llt.<\/p>\n<p>Eine l\u00e4ngere Aufbewahrung kann au\u00dferdem stattfinden, wenn Sie eine entsprechende Einwilligung (Art. 6 Abs. 1 lit. a DSGVO) erteilt haben oder wenn gesetzliche Aufbewahrungspflichten der L\u00f6schung entgegenstehen.<\/p>\n<p><strong>Server-Log-Files<\/strong><\/p>\n<p>Bei jeder Anfrage, das hei\u00dft bei jedem Seitenaufruf, werden automatisch Informationen in sogenannten Server-Log-Files gespeichert. Dies sind im Einzelnen:<\/p>\n<ul>\n<li>Ihre IP-Adresse<\/li>\n<li>Datum und Uhrzeit der Anfrage<\/li>\n<li>Adresse der aufgerufenen Seite oder Datei<\/li>\n<li>\u00dcbertragene Datenmenge in Bytes<\/li>\n<li>Erfolg oder Fehlercode der Anfrage (\u201cstatus code\u201d)<\/li>\n<li>Identifizierung Ihres Webbrowsers (z.B. Browsertyp, Browserversion und verwendetes Betriebssystem; \u201cUser-Agent\u201d-Header)<\/li>\n<li>Zuvor besuchte Seite, die Sie z.B. per Link hierhin gef\u00fchrt hat<\/li>\n<\/ul>\n<p>Die Informationen zu den letzten beiden Punkten sendet ihr Webbrowser automatisch. Sie k\u00f6nnen das eventuell in den Einstellungen Ihres Webbrowsers deaktivieren. Diese Daten in den Server-Log-Files sind nicht bestimmten Personen zuordenbar. Eine Zusammenf\u00fchrung dieser Daten mit anderen Datenquellen wird nicht vorgenommen. Eine Auswertung erfolgt ausschlie\u00dflich, um die Bereitstellung unseres Internetauftritts sicher zu stellen und eventuelle Fehlerquellen aufzusp\u00fcren. Wir behalten uns au\u00dferdem vor, diese Daten nachtr\u00e4glich zu pr\u00fcfen, wenn uns konkrete Anhaltspunkte f\u00fcr eine rechtswidrige Nutzung bekannt werden. Die Verarbeitungen werden auf Grundlage dieser berechtigten Interessen (Art. 6 Abs. 1 lit. f DSGVO) durchgef\u00fchrt. Die Server-Log-Files werden automatisch nach einer angemessenen Frist gel\u00f6scht.<\/p>\n<\/div><\/div><\/div><\/div><\/div><\/div><\/div>","protected":false},"excerpt":{"rendered":"<p>Hinweise zur Verarbeitung Ihrer personenbezogenen Daten Verantwortlich f\u00fcr die Datenverarbeitung auf diesem Internetauftritt, den dazugeh\u00f6rigen Social-Media-Pr\u00e4senzen und f\u00fcr weitere, genannte Verarbeitungst\u00e4tigkeiten ist [&hellip;]<\/p>\n","protected":false},"author":2,"featured_media":0,"parent":0,"menu_order":0,"comment_status":"closed","ping_status":"closed","template":"page-templates\/page_fullwidth.php","meta":{"footnotes":""},"_links":{"self":[{"href":"https:\/\/aachen-camping.de\/en\/wp-json\/wp\/v2\/pages\/1183"}],"collection":[{"href":"https:\/\/aachen-camping.de\/en\/wp-json\/wp\/v2\/pages"}],"about":[{"href":"https:\/\/aachen-camping.de\/en\/wp-json\/wp\/v2\/types\/page"}],"author":[{"embeddable":true,"href":"https:\/\/aachen-camping.de\/en\/wp-json\/wp\/v2\/users\/2"}],"replies":[{"embeddable":true,"href":"https:\/\/aachen-camping.de\/en\/wp-json\/wp\/v2\/comments?post=1183"}],"version-history":[{"count":7,"href":"https:\/\/aachen-camping.de\/en\/wp-json\/wp\/v2\/pages\/1183\/revisions"}],"predecessor-version":[{"id":3120,"href":"https:\/\/aachen-camping.de\/en\/wp-json\/wp\/v2\/pages\/1183\/revisions\/3120"}],"wp:attachment":[{"href":"https:\/\/aachen-camping.de\/en\/wp-json\/wp\/v2\/media?parent=1183"}],"curies":[{"name":"wp","href":"https:\/\/api.w.org\/{rel}","templated":true}]}}